{"id":616,"date":"2025-03-28T18:43:03","date_gmt":"2025-03-28T18:43:03","guid":{"rendered":"https:\/\/www.indigo-akg.hu\/ai\/"},"modified":"2025-06-17T22:02:44","modified_gmt":"2025-06-17T22:02:44","slug":"ai","status":"publish","type":"page","link":"https:\/\/www.indigo-akg.hu\/en\/ai\/","title":{"rendered":"AI"},"content":{"rendered":"<section class=\"bde-section-616-100 bde-section\">\n  \n  \n\t\n\n\n\n<div class=\"section-container\"><div class=\"bde-columns-616-101 bde-columns\"><div class=\"bde-column-616-102 bde-column\">\n  \n  \n\t\n\n\n\n<div class=\"bde-rich-text-616-103 bde-rich-text breakdance-rich-text-styles\">\n<p style=\"font-size: 1.2em; line-height: 1.4; font-family: sans-serif; text-align: right;\">Be stylish<br \/>and eco-conscious at the same time<br \/>\u2013 denim, reimagined!<\/p>\n<\/div><div class=\"bde-rich-text-616-104 bde-rich-text breakdance-rich-text-styles\">\n<h4 style=\"font-size: 2.2em; line-height: 1.4; font-family: sans-serif; text-align: left;\"><span style=\"color: #0c1c8c; font-weight: 800;\">Blue present<\/span><br \/><span style=\"color: #255c1c; font-weight: 800;\">Green future<\/span><\/h4>\n<\/div>\n<\/div><\/div><div class=\"bde-columns-616-105 bde-columns\"><div class=\"bde-column-616-106 bde-column\">\n  \n  \n\t\n\n\n\n<h1 class=\"bde-heading-616-107 bde-heading\">\n\ud83d\udc56 Make your own denim sewing pattern in 3 steps!\n<\/h1><div class=\"bde-code-block-616-108 bde-code-block\">\n\n  <iframe \n  id=\"myIframe\"\n  src=\"https:\/\/ai.indigo-akg.hu\/?key=hi4F3r3ge45fk53S1fa4kF3fk5S1fG1f&lang=en\" \n  style=\"width: 100%; border: none; transition: height 2s ease;\" \n  loading=\"lazy\"\n  style=\"background: transparent;\"\n  allowtransparency=\"true\"\n  >\n<\/iframe>\n\n<script>\n  let animating = false;\n  let targetHeight = 0;\n\n  window.addEventListener('message', (event) => {\n    if (event.data.type === 'setHeight') {\n      const iframe = document.getElementById('myIframe');\n      const newHeight = event.data.height + 50;\n\n      \/\/ Ha \u00e9pp anim\u00e1lunk, \u00e9s \u00faj \u00e9rt\u00e9k j\u00f6n, akkor jegyezz\u00fck meg \u00e9s k\u00e9s\u0151bb friss\u00edtj\u00fck\n      if (animating) {\n        targetHeight = newHeight;\n        return;\n      }\n\n      animating = true;\n\n      \/\/ \u00c1tmenetileg \u00e1ll\u00edtsuk be a mostani magass\u00e1got (ha nincs m\u00e9g megadva)\n      iframe.style.height = iframe.offsetHeight + \"px\";\n\n      \/\/ K\u00f6vetkez\u0151 frame-ben (kb. 1 ms m\u00falva) friss\u00edtj\u00fck az \u00faj \u00e9rt\u00e9kre, hogy triggerelje az anim\u00e1ci\u00f3t\n      requestAnimationFrame(() => {\n        iframe.style.height = newHeight + \"px\";\n\n        \/\/ 2s anim\u00e1ci\u00f3 ut\u00e1n \u00fajra enged\u00e9lyezhetj\u00fck a friss\u00edt\u00e9st\n        setTimeout(() => {\n          animating = false;\n\n          \/\/ Ha k\u00f6zben \u00faj target j\u00f6tt, akkor \u00fajra\u00e1ll\u00edtjuk\n          if (targetHeight && targetHeight !== newHeight) {\n            iframe.style.height = targetHeight + \"px\";\n            targetHeight = 0;\n            animating = true;\n            setTimeout(() => animating = false, 2000);\n          }\n        }, 2000);\n      });\n    }\n  });\n<\/script>\n\n\n\n\n<\/div>\n<\/div><\/div><\/div>\n<\/section>","protected":false},"excerpt":{"rendered":"<p>Be stylishand eco-conscious at the same time\u2013 denim, reimagined! Blue presentGreen future \ud83d\udc56 Make your own denim sewing pattern in 3 steps!<\/p>\n","protected":false},"author":1,"featured_media":0,"parent":0,"menu_order":0,"comment_status":"closed","ping_status":"closed","template":"","meta":{"_acf_changed":false,"_breakdance_hide_in_design_set":false,"_breakdance_tags":"","footnotes":""},"class_list":["post-616","page","type-page","status-publish","hentry"],"acf":[],"_links":{"self":[{"href":"https:\/\/www.indigo-akg.hu\/en\/wp-json\/wp\/v2\/pages\/616","targetHints":{"allow":["GET"]}}],"collection":[{"href":"https:\/\/www.indigo-akg.hu\/en\/wp-json\/wp\/v2\/pages"}],"about":[{"href":"https:\/\/www.indigo-akg.hu\/en\/wp-json\/wp\/v2\/types\/page"}],"author":[{"embeddable":true,"href":"https:\/\/www.indigo-akg.hu\/en\/wp-json\/wp\/v2\/users\/1"}],"replies":[{"embeddable":true,"href":"https:\/\/www.indigo-akg.hu\/en\/wp-json\/wp\/v2\/comments?post=616"}],"version-history":[{"count":5,"href":"https:\/\/www.indigo-akg.hu\/en\/wp-json\/wp\/v2\/pages\/616\/revisions"}],"predecessor-version":[{"id":712,"href":"https:\/\/www.indigo-akg.hu\/en\/wp-json\/wp\/v2\/pages\/616\/revisions\/712"}],"wp:attachment":[{"href":"https:\/\/www.indigo-akg.hu\/en\/wp-json\/wp\/v2\/media?parent=616"}],"curies":[{"name":"wp","href":"https:\/\/api.w.org\/{rel}","templated":true}]}}