{"id":679,"date":"2024-10-21T17:18:07","date_gmt":"2024-10-21T17:18:07","guid":{"rendered":"https:\/\/www.indigo-akg.hu\/rolunk\/"},"modified":"2026-01-22T13:59:50","modified_gmt":"2026-01-22T13:59:50","slug":"about","status":"publish","type":"page","link":"https:\/\/www.indigo-akg.hu\/en\/about\/","title":{"rendered":"About"},"content":{"rendered":"<section class=\"bde-section-679-100 bde-section\">\n  \n  \n\t\n\n\n\n<div class=\"section-container\"><img decoding=\"async\" class=\"bde-image2-679-101 bde-image2\" src=\"https:\/\/www.indigo-akg.hu\/wp-content\/uploads\/2024\/11\/csoportkep-scaled.jpg\" loading=\"lazy\" srcset=\"https:\/\/www.indigo-akg.hu\/wp-content\/uploads\/2024\/11\/csoportkep-scaled.jpg 2560w, https:\/\/www.indigo-akg.hu\/wp-content\/uploads\/2024\/11\/csoportkep-300x225.jpg 300w, https:\/\/www.indigo-akg.hu\/wp-content\/uploads\/2024\/11\/csoportkep-1024x769.jpg 1024w, https:\/\/www.indigo-akg.hu\/wp-content\/uploads\/2024\/11\/csoportkep-768x577.jpg 768w, https:\/\/www.indigo-akg.hu\/wp-content\/uploads\/2024\/11\/csoportkep-1536x1153.jpg 1536w, https:\/\/www.indigo-akg.hu\/wp-content\/uploads\/2024\/11\/csoportkep-2048x1538.jpg 2048w\" sizes=\"(max-width: 2560px) 100vw, 2560px\"><h1 class=\"bde-heading-679-112 bde-heading\">\nAbout\n<\/h1><div class=\"bde-grid-679-159 bde-grid\">\n  \n  \n\t\n\n\n\n<div class=\"bde-div-679-170 bde-div\">\n  \n  \n\t\n\n\n\n<div class=\"bde-div-679-175 bde-div\">\n  \n  \n\t\n\n\n\n<h4 class=\"bde-heading-679-173 bde-heading\">\nN\u00e1n\u00e1ssy Eszter\n<\/h4><h6 class=\"bde-heading-679-176 bde-heading\">\n\u00dcgyvezet\u0151 igazgat\u00f3\n<\/h6>\n<\/div><img decoding=\"async\" class=\"bde-image2-679-177 bde-image2\" src=\"https:\/\/www.indigo-akg.hu\/wp-content\/uploads\/2024\/12\/profilkep-9-png.avif\" loading=\"lazy\" srcset=\"https:\/\/www.indigo-akg.hu\/wp-content\/uploads\/2024\/12\/profilkep-9-png.avif 1080w, https:\/\/www.indigo-akg.hu\/wp-content\/uploads\/2024\/12\/profilkep-9-300x300.avif 300w, https:\/\/www.indigo-akg.hu\/wp-content\/uploads\/2024\/12\/profilkep-9-1024x1024.avif 1024w, https:\/\/www.indigo-akg.hu\/wp-content\/uploads\/2024\/12\/profilkep-9-150x150.avif 150w, https:\/\/www.indigo-akg.hu\/wp-content\/uploads\/2024\/12\/profilkep-9-768x768.avif 768w\" sizes=\"(max-width: 1080px) 100vw, 1080px\"><div class=\"bde-text-679-178 bde-text\">\n\u201eHa eddig soha nem \u00e1llt\u00e1l az elnyomottak mell\u00e9 van m\u00e9g r\u00e1 id\u0151d, emeld fel \u0151ket.\u201d \u2013 Rupi Kaur\n<\/div>\n<\/div><div class=\"bde-div-679-179 bde-div\">\n  \n  \n\t\n\n\n\n<div class=\"bde-div-679-180 bde-div\">\n  \n  \n\t\n\n\n\n<h4 class=\"bde-heading-679-181 bde-heading\">\nPap\u00f3csi Emma\n<\/h4><h6 class=\"bde-heading-679-182 bde-heading\">\nMarketing igazgat\u00f3\n<\/h6>\n<\/div><img decoding=\"async\" class=\"bde-image2-679-183 bde-image2\" src=\"https:\/\/www.indigo-akg.hu\/wp-content\/uploads\/2024\/12\/profilkep-png.avif\" loading=\"lazy\" srcset=\"https:\/\/www.indigo-akg.hu\/wp-content\/uploads\/2024\/12\/profilkep-png.avif 1080w, https:\/\/www.indigo-akg.hu\/wp-content\/uploads\/2024\/12\/profilkep-300x300.avif 300w, https:\/\/www.indigo-akg.hu\/wp-content\/uploads\/2024\/12\/profilkep-1024x1024.avif 1024w, https:\/\/www.indigo-akg.hu\/wp-content\/uploads\/2024\/12\/profilkep-150x150.avif 150w, https:\/\/www.indigo-akg.hu\/wp-content\/uploads\/2024\/12\/profilkep-768x768.avif 768w\" sizes=\"(max-width: 1080px) 100vw, 1080px\"><div class=\"bde-text-679-184 bde-text\">\n\u201eA vil\u00e1g megv\u00e1ltoztat\u00e1s\u00e1hoz vezet\u0151 \u00fat soha nem \u00e9r v\u00e9get, oszd be az er\u0151det.\u201d \u2013 Rupi Kaur\n<\/div>\n<\/div><div class=\"bde-div-679-227 bde-div\">\n  \n  \n\t\n\n\n\n<div class=\"bde-div-679-228 bde-div\">\n  \n  \n\t\n\n\n\n<h4 class=\"bde-heading-679-229 bde-heading\">\nHarcos M\u00e1t\u00e9\n<\/h4><h6 class=\"bde-heading-679-230 bde-heading\">\nP\u00e9nz\u00fcgyi igazgat\u00f3\n<\/h6>\n<\/div><img decoding=\"async\" class=\"bde-image2-679-231 bde-image2\" src=\"https:\/\/www.indigo-akg.hu\/wp-content\/uploads\/2024\/12\/profilkep-5-png.avif\" loading=\"lazy\" srcset=\"https:\/\/www.indigo-akg.hu\/wp-content\/uploads\/2024\/12\/profilkep-5-png.avif 1080w, https:\/\/www.indigo-akg.hu\/wp-content\/uploads\/2024\/12\/profilkep-5-300x300.avif 300w, https:\/\/www.indigo-akg.hu\/wp-content\/uploads\/2024\/12\/profilkep-5-1024x1024.avif 1024w, https:\/\/www.indigo-akg.hu\/wp-content\/uploads\/2024\/12\/profilkep-5-150x150.avif 150w, https:\/\/www.indigo-akg.hu\/wp-content\/uploads\/2024\/12\/profilkep-5-768x768.avif 768w\" sizes=\"(max-width: 1080px) 100vw, 1080px\"><div class=\"bde-text-679-232 bde-text\">\n\u201eA legt\u00f6bb ember t\u00falbecs\u00fcli, mire k\u00e9pes egy \u00e9v alatt, \u00e9s al\u00e1becs\u00fcli, mire k\u00e9pes egy \u00e9vtized alatt.\u201d \u2013 Bill Gates\n<\/div>\n<\/div><div class=\"bde-div-679-239 bde-div\">\n  \n  \n\t\n\n\n\n<div class=\"bde-div-679-240 bde-div\">\n  \n  \n\t\n\n\n\n<h4 class=\"bde-heading-679-241 bde-heading\">\nHoffmann J\u00falia\n<\/h4><h6 class=\"bde-heading-679-242 bde-heading\">\n\u00c9rt\u00e9kes\u00edt\u00e9si vezet\u0151\n<\/h6>\n<\/div><img decoding=\"async\" class=\"bde-image2-679-243 bde-image2\" src=\"https:\/\/www.indigo-akg.hu\/wp-content\/uploads\/2024\/12\/profilkep-8-png.avif\" loading=\"lazy\" srcset=\"https:\/\/www.indigo-akg.hu\/wp-content\/uploads\/2024\/12\/profilkep-8-png.avif 1080w, https:\/\/www.indigo-akg.hu\/wp-content\/uploads\/2024\/12\/profilkep-8-300x300.avif 300w, https:\/\/www.indigo-akg.hu\/wp-content\/uploads\/2024\/12\/profilkep-8-1024x1024.avif 1024w, https:\/\/www.indigo-akg.hu\/wp-content\/uploads\/2024\/12\/profilkep-8-150x150.avif 150w, https:\/\/www.indigo-akg.hu\/wp-content\/uploads\/2024\/12\/profilkep-8-768x768.avif 768w\" sizes=\"(max-width: 1080px) 100vw, 1080px\"><div class=\"bde-text-679-244 bde-text\">\n\u201eA kitart\u00e1s az, amit\u0151l az \u00e1lomb\u00f3l val\u00f3s\u00e1g lesz.\u201d - Ismeretlen\n<\/div>\n<\/div><div class=\"bde-div-679-185 bde-div\">\n  \n  \n\t\n\n\n\n<div class=\"bde-div-679-186 bde-div\">\n  \n  \n\t\n\n\n\n<h4 class=\"bde-heading-679-187 bde-heading\">\nKov\u00e1cs Mira\n<\/h4><h6 class=\"bde-heading-679-188 bde-heading\">\nK\u00f6z\u00f6ss\u00e9gi m\u00e9dia menedzser\n<\/h6>\n<\/div><img decoding=\"async\" class=\"bde-image2-679-189 bde-image2\" src=\"https:\/\/www.indigo-akg.hu\/wp-content\/uploads\/2024\/12\/profilkep-4-png.avif\" loading=\"lazy\" srcset=\"https:\/\/www.indigo-akg.hu\/wp-content\/uploads\/2024\/12\/profilkep-4-png.avif 1080w, https:\/\/www.indigo-akg.hu\/wp-content\/uploads\/2024\/12\/profilkep-4-300x300.avif 300w, https:\/\/www.indigo-akg.hu\/wp-content\/uploads\/2024\/12\/profilkep-4-1024x1024.avif 1024w, https:\/\/www.indigo-akg.hu\/wp-content\/uploads\/2024\/12\/profilkep-4-150x150.avif 150w, https:\/\/www.indigo-akg.hu\/wp-content\/uploads\/2024\/12\/profilkep-4-768x768.avif 768w\" sizes=\"(max-width: 1080px) 100vw, 1080px\"><div class=\"bde-text-679-190 bde-text\">\n\u201eA nap sugarai mosolyt csalnak az arcokra, \u00e9s \u00e9letet lehelnek a vil\u00e1gba.\u201d - John Lubbock\n<\/div>\n<\/div><div class=\"bde-div-679-221 bde-div\">\n  \n  \n\t\n\n\n\n<div class=\"bde-div-679-222 bde-div\">\n  \n  \n\t\n\n\n\n<h4 class=\"bde-heading-679-223 bde-heading\">\nKulcs\u00e1r-Szab\u00f3 Bendeg\u00faz\n<\/h4><h6 class=\"bde-heading-679-224 bde-heading\" title=\"IT guy\">\nInformatikai kommunik\u00e1ci\u00f3s szakember\n<\/h6>\n<\/div><img decoding=\"async\" class=\"bde-image2-679-225 bde-image2\" src=\"https:\/\/www.indigo-akg.hu\/wp-content\/uploads\/2024\/12\/profilkep-6-png.avif\" loading=\"lazy\" srcset=\"https:\/\/www.indigo-akg.hu\/wp-content\/uploads\/2024\/12\/profilkep-6-png.avif 1080w, https:\/\/www.indigo-akg.hu\/wp-content\/uploads\/2024\/12\/profilkep-6-300x300.avif 300w, https:\/\/www.indigo-akg.hu\/wp-content\/uploads\/2024\/12\/profilkep-6-1024x1024.avif 1024w, https:\/\/www.indigo-akg.hu\/wp-content\/uploads\/2024\/12\/profilkep-6-150x150.avif 150w, https:\/\/www.indigo-akg.hu\/wp-content\/uploads\/2024\/12\/profilkep-6-768x768.avif 768w\" sizes=\"(max-width: 1080px) 100vw, 1080px\"><div class=\"bde-text-679-226 bde-text\">\n\u201eMindig egy lusta embert v\u00e1lasztok ki egy neh\u00e9z munk\u00e1ra. Mert \u0151 tal\u00e1l egy k\u00f6nny\u0171 utat az elv\u00e9gz\u00e9s\u00e9re.\" - Bill Gates\n<\/div>\n<\/div><div class=\"bde-div-679-245 bde-div\">\n  \n  \n\t\n\n\n\n<div class=\"bde-div-679-246 bde-div\">\n  \n  \n\t\n\n\n\n<h4 class=\"bde-heading-679-247 bde-heading\">\nLuk\u00e1cs Hanna\n<\/h4><h6 class=\"bde-heading-679-248 bde-heading\">\nHR igazgat\u00f3\n<\/h6>\n<\/div><img decoding=\"async\" class=\"bde-image2-679-249 bde-image2\" src=\"https:\/\/www.indigo-akg.hu\/wp-content\/uploads\/2024\/12\/profilkep-3-png.avif\" loading=\"lazy\" srcset=\"https:\/\/www.indigo-akg.hu\/wp-content\/uploads\/2024\/12\/profilkep-3-png.avif 1080w, https:\/\/www.indigo-akg.hu\/wp-content\/uploads\/2024\/12\/profilkep-3-300x300.avif 300w, https:\/\/www.indigo-akg.hu\/wp-content\/uploads\/2024\/12\/profilkep-3-1024x1024.avif 1024w, https:\/\/www.indigo-akg.hu\/wp-content\/uploads\/2024\/12\/profilkep-3-150x150.avif 150w, https:\/\/www.indigo-akg.hu\/wp-content\/uploads\/2024\/12\/profilkep-3-768x768.avif 768w\" sizes=\"(max-width: 1080px) 100vw, 1080px\"><div class=\"bde-text-679-250 bde-text\">\n\u201eA probl\u00e9ma nem a probl\u00e9ma, a probl\u00e9ma az, ahogy hozz\u00e1\u00e1llsz a probl\u00e9m\u00e1hoz.\u201d \u2013 Jack Sparrow Kapit\u00e1ny\n<\/div>\n<\/div><div class=\"bde-div-679-215 bde-div\">\n  \n  \n\t\n\n\n\n<div class=\"bde-div-679-216 bde-div\">\n  \n  \n\t\n\n\n\n<h4 class=\"bde-heading-679-217 bde-heading\">\nPigniczky-T\u00f3th Emma\n<\/h4><h6 class=\"bde-heading-679-218 bde-heading\">\nAsszistens\n<\/h6>\n<\/div><img decoding=\"async\" class=\"bde-image2-679-219 bde-image2\" src=\"https:\/\/www.indigo-akg.hu\/wp-content\/uploads\/2024\/12\/profilkep-10-png.avif\" loading=\"lazy\" srcset=\"https:\/\/www.indigo-akg.hu\/wp-content\/uploads\/2024\/12\/profilkep-10-png.avif 1080w, https:\/\/www.indigo-akg.hu\/wp-content\/uploads\/2024\/12\/profilkep-10-300x300.avif 300w, https:\/\/www.indigo-akg.hu\/wp-content\/uploads\/2024\/12\/profilkep-10-1024x1024.avif 1024w, https:\/\/www.indigo-akg.hu\/wp-content\/uploads\/2024\/12\/profilkep-10-150x150.avif 150w, https:\/\/www.indigo-akg.hu\/wp-content\/uploads\/2024\/12\/profilkep-10-768x768.avif 768w\" sizes=\"(max-width: 1080px) 100vw, 1080px\"><div class=\"bde-text-679-220 bde-text\">\n\u201eAz \u00e9let el\u0151ttem \u00e1ll, \u00e9s nem l\u00e1tok t\u0151le semmit.\u201d \u2013 Graffiti\n<\/div>\n<\/div><div class=\"bde-div-679-191 bde-div\">\n  \n  \n\t\n\n\n\n<div class=\"bde-div-679-192 bde-div\">\n  \n  \n\t\n\n\n\n<h4 class=\"bde-heading-679-193 bde-heading\">\nTricsk\u00f3 Bianka\n<\/h4><h6 class=\"bde-heading-679-194 bde-heading\">\nBeszerz\u00e9si \u00e9s \u00e9rt\u00e9kes\u00edt\u00e9si igazgat\u00f3\n<\/h6>\n<\/div><img decoding=\"async\" class=\"bde-image2-679-195 bde-image2\" src=\"https:\/\/www.indigo-akg.hu\/wp-content\/uploads\/2024\/12\/profilkep-2-png.avif\" loading=\"lazy\" srcset=\"https:\/\/www.indigo-akg.hu\/wp-content\/uploads\/2024\/12\/profilkep-2-png.avif 1080w, https:\/\/www.indigo-akg.hu\/wp-content\/uploads\/2024\/12\/profilkep-2-300x300.avif 300w, https:\/\/www.indigo-akg.hu\/wp-content\/uploads\/2024\/12\/profilkep-2-1024x1024.avif 1024w, https:\/\/www.indigo-akg.hu\/wp-content\/uploads\/2024\/12\/profilkep-2-150x150.avif 150w, https:\/\/www.indigo-akg.hu\/wp-content\/uploads\/2024\/12\/profilkep-2-768x768.avif 768w\" sizes=\"(max-width: 1080px) 100vw, 1080px\"><div class=\"bde-text-679-196 bde-text\">\n\u201eAz elme \u00e9pp\u00fagy k\u00f6nyvekre szorul, mint a kard a fen\u0151k\u0151re.\u201d \u2013 Tyrion Lannister\n<\/div>\n<\/div><div class=\"bde-div-679-233 bde-div\">\n  \n  \n\t\n\n\n\n<div class=\"bde-div-679-234 bde-div\">\n  \n  \n\t\n\n\n\n<h4 class=\"bde-heading-679-235 bde-heading\">\nV\u00e1rhegyi Dalma\n<\/h4><h6 class=\"bde-heading-679-236 bde-heading\">\nDiz\u00e1jner\n<\/h6>\n<\/div><img decoding=\"async\" class=\"bde-image2-679-237 bde-image2\" src=\"https:\/\/www.indigo-akg.hu\/wp-content\/uploads\/2024\/12\/profilkep-7-png.avif\" loading=\"lazy\" srcset=\"https:\/\/www.indigo-akg.hu\/wp-content\/uploads\/2024\/12\/profilkep-7-png.avif 1080w, https:\/\/www.indigo-akg.hu\/wp-content\/uploads\/2024\/12\/profilkep-7-300x300.avif 300w, https:\/\/www.indigo-akg.hu\/wp-content\/uploads\/2024\/12\/profilkep-7-1024x1024.avif 1024w, https:\/\/www.indigo-akg.hu\/wp-content\/uploads\/2024\/12\/profilkep-7-150x150.avif 150w, https:\/\/www.indigo-akg.hu\/wp-content\/uploads\/2024\/12\/profilkep-7-768x768.avif 768w\" sizes=\"(max-width: 1080px) 100vw, 1080px\"><div class=\"bde-text-679-238 bde-text\">\n\u201eA vil\u00e1g egyik legegyszer\u0171bb feladata: az utols\u00f3 szelet pizza eloszt\u00e1sa egy t\u00e1rsas\u00e1gban.\u201d \u2013 Murphy \u00e1tirat\n<\/div>\n<\/div>\n<\/div><\/div>\n<\/section>","protected":false},"excerpt":{"rendered":"<p>About N\u00e1n\u00e1ssy Eszter \u00dcgyvezet\u0151 igazgat\u00f3 \u201eHa eddig soha nem \u00e1llt\u00e1l az elnyomottak mell\u00e9 van m\u00e9g r\u00e1 id\u0151d, emeld fel \u0151ket.\u201d \u2013 Rupi Kaur Pap\u00f3csi Emma Marketing igazgat\u00f3 \u201eA vil\u00e1g megv\u00e1ltoztat\u00e1s\u00e1hoz vezet\u0151 \u00fat soha nem \u00e9r v\u00e9get, oszd be az er\u0151det.\u201d \u2013 Rupi Kaur Harcos M\u00e1t\u00e9 P\u00e9nz\u00fcgyi igazgat\u00f3 \u201eA legt\u00f6bb ember t\u00falbecs\u00fcli, mire k\u00e9pes egy \u00e9v [&hellip;]<\/p>\n","protected":false},"author":1,"featured_media":0,"parent":0,"menu_order":0,"comment_status":"closed","ping_status":"closed","template":"","meta":{"_acf_changed":false,"_breakdance_hide_in_design_set":false,"_breakdance_tags":"","footnotes":""},"class_list":["post-679","page","type-page","status-publish","hentry"],"acf":[],"_links":{"self":[{"href":"https:\/\/www.indigo-akg.hu\/en\/wp-json\/wp\/v2\/pages\/679","targetHints":{"allow":["GET"]}}],"collection":[{"href":"https:\/\/www.indigo-akg.hu\/en\/wp-json\/wp\/v2\/pages"}],"about":[{"href":"https:\/\/www.indigo-akg.hu\/en\/wp-json\/wp\/v2\/types\/page"}],"author":[{"embeddable":true,"href":"https:\/\/www.indigo-akg.hu\/en\/wp-json\/wp\/v2\/users\/1"}],"replies":[{"embeddable":true,"href":"https:\/\/www.indigo-akg.hu\/en\/wp-json\/wp\/v2\/comments?post=679"}],"version-history":[{"count":2,"href":"https:\/\/www.indigo-akg.hu\/en\/wp-json\/wp\/v2\/pages\/679\/revisions"}],"predecessor-version":[{"id":681,"href":"https:\/\/www.indigo-akg.hu\/en\/wp-json\/wp\/v2\/pages\/679\/revisions\/681"}],"wp:attachment":[{"href":"https:\/\/www.indigo-akg.hu\/en\/wp-json\/wp\/v2\/media?parent=679"}],"curies":[{"name":"wp","href":"https:\/\/api.w.org\/{rel}","templated":true}]}}