{"id":13,"date":"2024-10-10T20:45:52","date_gmt":"2024-10-10T20:45:52","guid":{"rendered":"https:\/\/indigo-akg.hu\/?page_id=13"},"modified":"2025-03-29T07:56:50","modified_gmt":"2025-03-29T07:56:50","slug":"nyito-oldal","status":"publish","type":"page","link":"https:\/\/www.indigo-akg.hu\/hu\/","title":{"rendered":"Nyit\u00f3 oldal"},"content":{"rendered":"<section class=\"bde-section-13-100 bde-section\">\n  \n  \n\t\n\n\n\n<div class=\"section-container\"><div class=\"bde-columns-13-167 bde-columns\"><div class=\"bde-column-13-168 bde-column\">\n  \n  \n\t\n\n\n\n<h1 class=\"bde-dual-heading-13-299 bde-dual-heading\">\n\n\n            <span data-style=\"primary\" class=\"dual-heading--primary  \">K\u00e9k jelen <\/br><\/span>\n\n            <span data-style=\"secondary\" class=\"dual-heading--secondary  \">Z\u00f6ld j\u00f6v\u0151<\/span>\n\n\n\n<\/h1><div class=\"bde-text-13-103 bde-text\">\nEgyedi term\u00e9keinket, t\u00e1sk\u00e1kat, sz\u00fcty\u0151ket \u00e9s kulcstart\u00f3, a fast-fashion divat \u00e1ltal kidobott farmerekb\u0151l k\u00e9sz\u00edtj\u00fck, ezzel \u00faj \u00e9letet adva a ruh\u00e1knak. Az \u00fajrahasznos\u00edt\u00e1s f\u00e9nykor\u00e1ban szeretn\u00e9nk tenni valamit a k\u00f6rnyezet\u00e9rt. A farmerek lebont\u00e1s\u00e1val val\u00f3 szennyez\u00e9s cs\u00f6kkent\u00e9s\u00e9re l\u00e9trehoztuk az Indigo Di\u00e1kc\u00e9get, amin kereszt\u00fcl Ti is seg\u00edthettek reduk\u00e1lni a szem\u00e9tbe dobott farmerek sz\u00e1m\u00e1t ak\u00e1r AI seg\u00edts\u00e9g\u00e9vel.\n<\/div><div class=\"bde-div-13-307 bde-div\">\n  \n  \n\t\n\n\n\n<div class=\"bde-button-13-304 bde-button\">\n        \n    \n    \n    \n    \n            \n                    \n            \n            \n\n    \n    \n    \n    \n    \n    <a class=\"breakdance-link button-atom button-atom--primary bde-button__button\" href=\"https:\/\/www.indigo-akg.hu\/termekek\/\" target=\"_self\" data-type=\"url\"  >\n\n    \n        <span class=\"button-atom__text\">V\u00e1s\u00e1rolj most<\/span>\n\n        \n        \n                <\/a>\n\n    \n\n\n<\/div><div class=\"bde-button-13-310 bde-button\">\n        \n    \n    \n    \n    \n            \n                    \n            \n            \n\n    \n    \n    \n    \n    \n    <a class=\"breakdance-link button-atom button-atom--secondary bde-button__button\" href=\"https:\/\/indigo-akg.hu\/rolunk\" target=\"_self\" data-type=\"url\"  >\n\n    \n        <span class=\"button-atom__text\">Tudj meg t\u00f6bbet<\/span>\n\n        \n        \n                <\/a>\n\n    \n\n\n<\/div>\n<\/div>\n<\/div><div class=\"bde-column-13-203 bde-column\">\n  \n  \n\t\n\n\n\n<div class=\"bde-advancedslider-13-266 bde-advancedslider\">\n<div class=\"breakdance-swiper-wrapper\" data-swiper-id=\"266\">\n  <div class=\"swiper\">\n    <div class=\"swiper-wrapper\">\n      <div class=\"bde-advancedslide-13-275 bde-advancedslide swiper-slide\"><div class=\"advanced-slider__slide\">\r\n  \r\n<\/div><\/div><div class=\"bde-advancedslide-13-300 bde-advancedslide swiper-slide\"><div class=\"advanced-slider__slide\">\r\n  \r\n<\/div><\/div>\n    <\/div>\n  <\/div>\n\n      \n            <div class=\"swiper-pagination\"><\/div>\n    \n<\/div>\n\n<\/div>\n<\/div><\/div><\/div>\n<\/section><section class=\"bde-section-13-369 bde-section\">\n  \n  \n\t\n\n\n\n<div class=\"section-container\"><h3 class=\"bde-heading-13-370 bde-heading\">\n#farmer #ai #k\u00f6rnyezetv\u00e9delem\n<\/h3><\/div>\n<\/section><section class=\"bde-section-13-302 bde-section\">\n  \n  \n\t\n\n\n\n<div class=\"section-container\"><h2 class=\"bde-heading-13-311 bde-heading\">\nTerm\u00e9keink\n<\/h2><div class=\"bde-post-loop-13-314 bde-post-loop\"><div class=\"bde-loop bde-loop-grid ee-posts ee-posts-grid\">    <div class=\"bde-loop-item ee-post\">\n        <a class=\"bde-container-link-447-117-171-447-1 bde-container-link bde-container-link-447-117 breakdance-link\" href=\"https:\/\/www.indigo-akg.hu\/hu\/termek\/tarolo\/\" target=\"_self\" data-type=\"url\" data-parallax=\"false\">\n  \n  \n\t\n\n\n\n<img decoding=\"async\" class=\"bde-image2-447-112-171-447-1 bde-image2 bde-image2-447-112\" src=\"https:\/\/www.indigo-akg.hu\/wp-content\/uploads\/2024\/12\/MG_7622-2.0.avif\" loading=\"lazy\" srcset=\"https:\/\/www.indigo-akg.hu\/wp-content\/uploads\/2024\/12\/MG_7622-2.0.avif 1689w, https:\/\/www.indigo-akg.hu\/wp-content\/uploads\/2024\/12\/MG_7622-2.0-253x300.avif 253w, https:\/\/www.indigo-akg.hu\/wp-content\/uploads\/2024\/12\/MG_7622-2.0-863x1024.avif 863w, https:\/\/www.indigo-akg.hu\/wp-content\/uploads\/2024\/12\/MG_7622-2.0-768x911.avif 768w, https:\/\/www.indigo-akg.hu\/wp-content\/uploads\/2024\/12\/MG_7622-2.0-1295x1536.avif 1295w\" sizes=\"(max-width: 1689px) 100vw, 1689px\"><h6 class=\"bde-heading-447-113-171-447-1 bde-heading bde-heading-447-113\">\nT\u00e1rol\u00f3\n<\/h6>\n\n<\/a>    <\/div>\n    <div class=\"bde-loop-item ee-post\">\n        <a class=\"bde-container-link-447-117-170-447-1 bde-container-link bde-container-link-447-117 breakdance-link\" href=\"https:\/\/www.indigo-akg.hu\/hu\/termek\/butterfly-keychain\/\" target=\"_self\" data-type=\"url\" data-parallax=\"false\">\n  \n  \n\t\n\n\n\n<img decoding=\"async\" class=\"bde-image2-447-112-170-447-1 bde-image2 bde-image2-447-112\" src=\"https:\/\/www.indigo-akg.hu\/wp-content\/uploads\/2024\/12\/MG_7613-2.0.avif\" loading=\"lazy\" srcset=\"https:\/\/www.indigo-akg.hu\/wp-content\/uploads\/2024\/12\/MG_7613-2.0.avif 1357w, https:\/\/www.indigo-akg.hu\/wp-content\/uploads\/2024\/12\/MG_7613-2.0-221x300.avif 221w, https:\/\/www.indigo-akg.hu\/wp-content\/uploads\/2024\/12\/MG_7613-2.0-755x1024.avif 755w, https:\/\/www.indigo-akg.hu\/wp-content\/uploads\/2024\/12\/MG_7613-2.0-768x1042.avif 768w, https:\/\/www.indigo-akg.hu\/wp-content\/uploads\/2024\/12\/MG_7613-2.0-1132x1536.avif 1132w\" sizes=\"(max-width: 1357px) 100vw, 1357px\"><h6 class=\"bde-heading-447-113-170-447-1 bde-heading bde-heading-447-113\">\nButterfly Keychain\n<\/h6>\n\n<\/a>    <\/div>\n    <div class=\"bde-loop-item ee-post\">\n        <a class=\"bde-container-link-447-117-169-447-1 bde-container-link bde-container-link-447-117 breakdance-link\" href=\"https:\/\/www.indigo-akg.hu\/hu\/termek\/csillagos-szutyo\/\" target=\"_self\" data-type=\"url\" data-parallax=\"false\">\n  \n  \n\t\n\n\n\n<img decoding=\"async\" class=\"bde-image2-447-112-169-447-1 bde-image2 bde-image2-447-112\" src=\"https:\/\/www.indigo-akg.hu\/wp-content\/uploads\/2024\/12\/MG_7608-2.0.avif\" loading=\"lazy\" srcset=\"https:\/\/www.indigo-akg.hu\/wp-content\/uploads\/2024\/12\/MG_7608-2.0.avif 2339w, https:\/\/www.indigo-akg.hu\/wp-content\/uploads\/2024\/12\/MG_7608-2.0-297x300.avif 297w, https:\/\/www.indigo-akg.hu\/wp-content\/uploads\/2024\/12\/MG_7608-2.0-1015x1024.avif 1015w, https:\/\/www.indigo-akg.hu\/wp-content\/uploads\/2024\/12\/MG_7608-2.0-150x150.avif 150w, https:\/\/www.indigo-akg.hu\/wp-content\/uploads\/2024\/12\/MG_7608-2.0-768x775.avif 768w, https:\/\/www.indigo-akg.hu\/wp-content\/uploads\/2024\/12\/MG_7608-2.0-1523x1536.avif 1523w, https:\/\/www.indigo-akg.hu\/wp-content\/uploads\/2024\/12\/MG_7608-2.0-2031x2048.avif 2031w\" sizes=\"(max-width: 2339px) 100vw, 2339px\"><h6 class=\"bde-heading-447-113-169-447-1 bde-heading bde-heading-447-113\">\nCsillagos sz\u00fcty\u0151\n<\/h6>\n\n<\/a>    <\/div>\n    <div class=\"bde-loop-item ee-post\">\n        <a class=\"bde-container-link-447-117-167-447-1 bde-container-link bde-container-link-447-117 breakdance-link\" href=\"https:\/\/www.indigo-akg.hu\/hu\/termek\/csipkes-szutyo\/\" target=\"_self\" data-type=\"url\" data-parallax=\"false\">\n  \n  \n\t\n\n\n\n<img decoding=\"async\" class=\"bde-image2-447-112-167-447-1 bde-image2 bde-image2-447-112\" src=\"https:\/\/www.indigo-akg.hu\/wp-content\/uploads\/2024\/11\/IMG_0047.jpg\" loading=\"lazy\" srcset=\"https:\/\/www.indigo-akg.hu\/wp-content\/uploads\/2024\/11\/IMG_0047.jpg 1542w, https:\/\/www.indigo-akg.hu\/wp-content\/uploads\/2024\/11\/IMG_0047-225x300.jpg 225w, https:\/\/www.indigo-akg.hu\/wp-content\/uploads\/2024\/11\/IMG_0047-768x1024.jpg 768w, https:\/\/www.indigo-akg.hu\/wp-content\/uploads\/2024\/11\/IMG_0047-1152x1536.jpg 1152w, https:\/\/www.indigo-akg.hu\/wp-content\/uploads\/2024\/11\/IMG_0047-1536x2048.jpg 1536w\" sizes=\"(max-width: 1542px) 100vw, 1542px\"><h6 class=\"bde-heading-447-113-167-447-1 bde-heading bde-heading-447-113\">\nCsipk\u00e9s sz\u00fcty\u0151\n<\/h6>\n\n<\/a>    <\/div>\n<\/div>\r\n<\/div><div class=\"bde-button-13-315 bde-button\">\n        \n    \n    \n    \n    \n            \n                    \n            \n            \n\n    \n    \n    \n    \n    \n    <a class=\"breakdance-link button-atom button-atom--text bde-button__button\" href=\"https:\/\/www.indigo-akg.hu\/termekek\/\" target=\"_self\" data-type=\"url\"  >\n\n    \n        <span class=\"button-atom__text\">\u00d6sszes term\u00e9k megtekint\u00e9se<\/span>\n\n        \n                    \n    <span class=\"button-atom__icon-wrapper\">\n\n        \n            <svg class=\"un-arrow-icon\" width=\"10\" height=\"10\" viewBox=\"0 0 10 10\" aria-hidden=\"true\">\n                <g fill-rule=\"evenodd\">\n                    <path class=\"un-arrow-icon_arrow\" d=\"M1 1l4 4-4 4\"><\/path>\n                <\/g>\n            <\/svg>\n\n        \n    <\/span>\n\n\n        \n                <\/a>\n\n    \n\n\n<\/div><\/div>\n<\/section><section class=\"bde-section-13-371 bde-section\">\n  \n  \n\t\n\n\n\n<div class=\"section-container\"><div class=\"bde-div-13-376 bde-div\">\n  \n  \n\t\n\n\n\n<h2 class=\"bde-heading-13-372 bde-heading\">\nK\u00e9sz\u00edtsd el saj\u00e1t,<br>egyedi t\u00e1ska<br>szab\u00e1smint\u00e1dat\u00a0most!\n<\/h2><h4 class=\"bde-heading-13-375 bde-heading\">\nPontos tervet kapsz \u2013 <br>\u2702\ufe0f v\u00e1gd ki,<br> \ud83e\uddf5 varrd \u00f6ssze,<br> \u00e9s m\u00e1r haszn\u00e1lhatod is a saj\u00e1t cuccod!\n<\/h4><div class=\"bde-button-13-374 bde-button\">\n        \n    \n    \n    \n    \n            \n                    \n            \n            \n\n    \n    \n    \n    \n    \n    <a class=\"breakdance-link button-atom button-atom--primary bde-button__button\" href=\"https:\/\/www.indigo-akg.hu\/ai\/\" target=\"_self\" data-type=\"url\"  >\n\n    \n        <span class=\"button-atom__text\">Kipr\u00f3b\u00e1lom!<\/span>\n\n        \n        \n                <\/a>\n\n    \n\n\n<\/div>\n<\/div><\/div>\n<\/section>","protected":false},"excerpt":{"rendered":"<p>K\u00e9k jelen Z\u00f6ld j\u00f6v\u0151 Egyedi term\u00e9keinket, t\u00e1sk\u00e1kat, sz\u00fcty\u0151ket \u00e9s kulcstart\u00f3, a fast-fashion divat \u00e1ltal kidobott farmerekb\u0151l k\u00e9sz\u00edtj\u00fck, ezzel \u00faj \u00e9letet adva a ruh\u00e1knak. Az \u00fajrahasznos\u00edt\u00e1s f\u00e9nykor\u00e1ban szeretn\u00e9nk tenni valamit a k\u00f6rnyezet\u00e9rt. A farmerek lebont\u00e1s\u00e1val val\u00f3 szennyez\u00e9s cs\u00f6kkent\u00e9s\u00e9re l\u00e9trehoztuk az Indigo Di\u00e1kc\u00e9get, amin kereszt\u00fcl Ti is seg\u00edthettek reduk\u00e1lni a szem\u00e9tbe dobott farmerek sz\u00e1m\u00e1t ak\u00e1r AI seg\u00edts\u00e9g\u00e9vel. [&hellip;]<\/p>\n","protected":false},"author":1,"featured_media":0,"parent":0,"menu_order":0,"comment_status":"closed","ping_status":"closed","template":"","meta":{"_acf_changed":false,"_breakdance_hide_in_design_set":false,"_breakdance_tags":"","footnotes":""},"class_list":["post-13","page","type-page","status-publish","hentry"],"acf":[],"_links":{"self":[{"href":"https:\/\/www.indigo-akg.hu\/hu\/wp-json\/wp\/v2\/pages\/13","targetHints":{"allow":["GET"]}}],"collection":[{"href":"https:\/\/www.indigo-akg.hu\/hu\/wp-json\/wp\/v2\/pages"}],"about":[{"href":"https:\/\/www.indigo-akg.hu\/hu\/wp-json\/wp\/v2\/types\/page"}],"author":[{"embeddable":true,"href":"https:\/\/www.indigo-akg.hu\/hu\/wp-json\/wp\/v2\/users\/1"}],"replies":[{"embeddable":true,"href":"https:\/\/www.indigo-akg.hu\/hu\/wp-json\/wp\/v2\/comments?post=13"}],"version-history":[{"count":5,"href":"https:\/\/www.indigo-akg.hu\/hu\/wp-json\/wp\/v2\/pages\/13\/revisions"}],"predecessor-version":[{"id":554,"href":"https:\/\/www.indigo-akg.hu\/hu\/wp-json\/wp\/v2\/pages\/13\/revisions\/554"}],"wp:attachment":[{"href":"https:\/\/www.indigo-akg.hu\/hu\/wp-json\/wp\/v2\/media?parent=13"}],"curies":[{"name":"wp","href":"https:\/\/api.w.org\/{rel}","templated":true}]}}