{"id":205,"date":"2024-11-21T12:54:51","date_gmt":"2024-11-21T12:54:51","guid":{"rendered":"https:\/\/www.indigo-akg.hu\/?page_id=205"},"modified":"2024-11-21T13:35:09","modified_gmt":"2024-11-21T13:35:09","slug":"kocsmakviz-regisztracio","status":"publish","type":"page","link":"https:\/\/www.indigo-akg.hu\/hu\/kocsmakviz-regisztracio\/","title":{"rendered":"Kocsmakv\u00edz regisztr\u00e1ci\u00f3"},"content":{"rendered":"<section class=\"bde-section-205-100 bde-section\">\n  \n  \n\t\n\n\n\n<div class=\"section-container\"><h1 class=\"bde-heading-205-102 bde-heading\">\nKocsmakv\u00edz regisztr\u00e1ci\u00f3\n<\/h1><div class=\"bde-form-builder-205-101 bde-form-builder\">\n\n<form id=\"contact-form101\" class=\"breakdance-form breakdance-form--vertical\" data-options=\"{&quot;slug&quot;:&quot;custom&quot;,&quot;name&quot;:&quot;Contact Form&quot;,&quot;ajaxUrl&quot;:&quot;https:\\\/\\\/www.indigo-akg.hu\\\/wp-admin\\\/admin-ajax.php&quot;,&quot;clearOnSuccess&quot;:true,&quot;hideOnSuccess&quot;:false,&quot;successMessage&quot;:&quot;Your message has been received!&quot;,&quot;errorMessage&quot;:&quot;Something went wrong&quot;,&quot;redirect&quot;:false,&quot;redirectUrl&quot;:&quot;&quot;,&quot;customJavaScript&quot;:&quot;&quot;,&quot;recaptcha&quot;:{&quot;key&quot;:&quot;&quot;,&quot;enabled&quot;:false},&quot;honeypot_enabled&quot;:false,&quot;popupsOnSuccess&quot;:[],&quot;popupsOnError&quot;:[]}\" data-steps=\"0\" >\n  \n  \n  \n<div class=\"breakdance-form-field breakdance-form-field--text\" >\n    \n    \n            <label class=\"breakdance-form-field__label\" for=\"name\">\n            A nyertes csapat (Csapatn\u00e9v)<span class=\"breakdance-form-field__required\">*<\/span>\n        <\/label>\n    \n    <input\n    class=\"breakdance-form-field__input\"\n    id=\"name\"\n    aria-describedby=\"name\"\n    type=\"text\"\n    name=\"fields[name]\"\n    placeholder=\"\"\n    value=\"\"\n                \n        \n        \n    required\n    \n    \n    \n    \n    \n>\n\n\n    \n    \n<\/div>\n\n\n<div class=\"breakdance-form-field breakdance-form-field--number\" >\n    \n    \n            <label class=\"breakdance-form-field__label\" for=\"email\">\n            Csapatl\u00e9tsz\u00e1m<span class=\"breakdance-form-field__required\">*<\/span>\n        <\/label>\n    \n    <input\n    class=\"breakdance-form-field__input\"\n    id=\"email\"\n    aria-describedby=\"email\"\n    type=\"number\"\n    name=\"fields[email]\"\n    placeholder=\"\"\n    value=\"\"\n                min=\"2\"\n        max=\"8\"\n        step=\"1\"\n    required\n    \n    \n    \n    \n    \n>\n\n\n    \n    \n<\/div>\n\n\n<div class=\"breakdance-form-field breakdance-form-field--radio\" >\n    \n    \n    \n      <fieldset role=\"radiogroup\"\n          aria-label=\"Voltak- e m\u00e1r kv\u00edzen?\"\n      >\n          <legend class=\"breakdance-form-field__label\">Voltak- e m\u00e1r kv\u00edzen?<\/legend>\n                <div class=\"breakdance-form-radio\">\n            <input\n                type=\"radio\"\n                name=\"fields[atqfzu][]\"\n                value=\"Igen\"\n                id=\"atqfzu-1\"\n                \n                \n                \n                            >\n            <label class=\"breakdance-form-radio__text\" for=\"atqfzu-1\">Igen<\/label>\n        <\/div>\n            <div class=\"breakdance-form-radio\">\n            <input\n                type=\"radio\"\n                name=\"fields[atqfzu][]\"\n                value=\"Nem\"\n                id=\"atqfzu-2\"\n                \n                \n                \n                            >\n            <label class=\"breakdance-form-radio__text\" for=\"atqfzu-2\">Nem<\/label>\n        <\/div>\n      <\/fieldset>\n\n\n    \n    \n<\/div><div class=\"breakdance-form-field breakdance-form-footer\">    \n    \n    \n    \n    \n            \n            <button type=\"submit\" class=\"button-atom button-atom--primary breakdance-form-button breakdance-form-button__submit\"  >\n    \n        <span class=\"button-atom__text\">Jelentkez\u00e9s<\/span>\n\n        \n        \n            <\/button>\n    \n    <input type=\"hidden\" name=\"form_id\" value=\"101\">\n    <input type=\"hidden\" name=\"post_id\" value=\"205\">\n<\/div>\n\n  \n<\/form>\n\n\n<\/div><\/div>\n<\/section>","protected":false},"excerpt":{"rendered":"<p>Kocsmakv\u00edz regisztr\u00e1ci\u00f3 A nyertes csapat (Csapatn\u00e9v)* Csapatl\u00e9tsz\u00e1m* Voltak- e m\u00e1r kv\u00edzen? Igen Nem Jelentkez\u00e9s<\/p>\n","protected":false},"author":2,"featured_media":0,"parent":0,"menu_order":0,"comment_status":"closed","ping_status":"closed","template":"","meta":{"_acf_changed":false,"_breakdance_hide_in_design_set":false,"_breakdance_tags":"","footnotes":""},"class_list":["post-205","page","type-page","status-publish","hentry"],"acf":[],"_links":{"self":[{"href":"https:\/\/www.indigo-akg.hu\/hu\/wp-json\/wp\/v2\/pages\/205","targetHints":{"allow":["GET"]}}],"collection":[{"href":"https:\/\/www.indigo-akg.hu\/hu\/wp-json\/wp\/v2\/pages"}],"about":[{"href":"https:\/\/www.indigo-akg.hu\/hu\/wp-json\/wp\/v2\/types\/page"}],"author":[{"embeddable":true,"href":"https:\/\/www.indigo-akg.hu\/hu\/wp-json\/wp\/v2\/users\/2"}],"replies":[{"embeddable":true,"href":"https:\/\/www.indigo-akg.hu\/hu\/wp-json\/wp\/v2\/comments?post=205"}],"version-history":[{"count":5,"href":"https:\/\/www.indigo-akg.hu\/hu\/wp-json\/wp\/v2\/pages\/205\/revisions"}],"predecessor-version":[{"id":217,"href":"https:\/\/www.indigo-akg.hu\/hu\/wp-json\/wp\/v2\/pages\/205\/revisions\/217"}],"wp:attachment":[{"href":"https:\/\/www.indigo-akg.hu\/hu\/wp-json\/wp\/v2\/media?parent=205"}],"curies":[{"name":"wp","href":"https:\/\/api.w.org\/{rel}","templated":true}]}}