{"id":211,"date":"2024-12-03T06:59:08","date_gmt":"2024-12-03T06:59:08","guid":{"rendered":"https:\/\/www.indigo-akg.hu\/?page_id=211"},"modified":"2024-12-06T19:23:14","modified_gmt":"2024-12-06T19:23:14","slug":"gyujtopontok","status":"publish","type":"page","link":"https:\/\/www.indigo-akg.hu\/hu\/gyujtopontok\/","title":{"rendered":"Gy\u0171jt\u0151pontok"},"content":{"rendered":"<section class=\"bde-section-211-100 bde-section\">\n  \n  \n\t\n\n\n\n<div class=\"section-container\"><h2 class=\"bde-heading-211-149 bde-heading\">\nGy\u0171jt\u0151pontok\n<\/h2><div class=\"bde-code-block-211-103 bde-code-block\">\n\n  <iframe loading=\"lazy\" src=\"https:\/\/www.google.com\/maps\/d\/embed?mid=1HqhTtZvMG3FR1ROxeXUps1XXAVPFCuQ&ehbc=2E312F&noprof=1&nohead=1\" style=\"width:100%\" width=\"1080\" height=\"600\"><\/iframe>\n\n\n<\/div><div class=\"bde-grid-211-104 bde-grid\">\n  \n  \n\t\n\n\n\n<div class=\"bde-div-211-107 bde-div\">\n  \n  \n\t\n\n\n\n<h3 class=\"bde-heading-211-145 bde-heading\">\nMi ez?\n<\/h3><div class=\"bde-text-211-114 bde-text\">\nL\u00e9gy \u0151szinte. Dobt\u00e1l m\u00e1r ki farmert az\u00e9rt mert kin\u0151tted vagy mert elszakadt?<br><br>Igen, mi is, de \u00e9ppen az \u00edgy keletkezett textil hullad\u00e9k cs\u00f6kkent\u00e9s\u00e9\u00e9rt hoztuk l\u00e9tre az INDIGO gy\u0171jt\u0151dobozokat, amikbe bele tudod dobni r\u00e9gi, nem haszn\u00e1lt farmer nadr\u00e1gjaidat, \u00edgy eljuttatva hozz\u00e1nk, hogy \u00faj \u00e9letre kelts\u00fck \u0151ket.\n<\/div>\n<\/div><div class=\"bde-div-211-138 bde-div\">\n  \n  \n\t\n\n\n\n<h3 class=\"bde-heading-211-146 bde-heading\">\nHol vannak?\n<\/h3><div class=\"bde-text-211-124 bde-text\">\nA gy\u0171jt\u0151dobozok megtal\u00e1lhat\u00f3ak k\u00e1v\u00e9z\u00f3kban, boltokban, \u00e9s m\u00e1s \u00fczletekben.<br>\tAz al\u00e1bbi t\u00e9rk\u00e9pen meg tudod n\u00e9zni a hozz\u00e1d legk\u00f6zelebb l\u00e9v\u0151t.\n<\/div>\n<\/div>\n<\/div><div class=\"bde-div-211-141 bde-div\">\n  \n  \n\t\n\n\n\n<h3 class=\"bde-heading-211-147 bde-heading\">\nHogy m\u0171k\u00f6dik?\n<\/h3><div class=\"bde-text-211-144 bde-text\">\nCsup\u00e1n annyit kell tenned, hogy:<br>1)      Odaviszed a r\u00e9gi farmerjeidet a gy\u0171jt\u0151pontjainkhoz,<br>2)      Lefot\u00f3zod, ahogy a dobozba tetted<br>3)      Ezt a k\u00e9pet felt\u00f6lt\u00f6d a weboldalunkra, a farmer bead\u00e1sa gombra kattintva<br>4)     A beadott farmer\u00e9rt kedvezm\u00e9nyt kaphatsz n\u00e1lunk<br>5)      Lev\u00e1s\u00e1rolhatod weboldalunkon vagy \u00e9l\u0151ben, v\u00e1s\u00e1ron (legk\u00f6zelebb december 7-\u00e9n, az AKG-ban)\n<\/div><div class=\"bde-button-211-148 bde-button\">\n        \n    \n    \n    \n    \n            \n                    \n            \n            \n\n    \n    \n    \n    \n    \n    <a class=\"breakdance-link button-atom button-atom--primary bde-button__button\" href=\"https:\/\/www.indigo-akg.hu\/kep-bekuldese\/\" target=\"_self\" data-type=\"url\"  >\n\n    \n        <span class=\"button-atom__text\">Farmer bead\u00e1sa<\/span>\n\n        \n        \n                <\/a>\n\n    \n\n\n<\/div>\n<\/div><\/div>\n<\/section>","protected":false},"excerpt":{"rendered":"<p>Gy\u0171jt\u0151pontok Mi ez? L\u00e9gy \u0151szinte. Dobt\u00e1l m\u00e1r ki farmert az\u00e9rt mert kin\u0151tted vagy mert elszakadt?Igen, mi is, de \u00e9ppen az \u00edgy keletkezett textil hullad\u00e9k cs\u00f6kkent\u00e9s\u00e9\u00e9rt hoztuk l\u00e9tre az INDIGO gy\u0171jt\u0151dobozokat, amikbe bele tudod dobni r\u00e9gi, nem haszn\u00e1lt farmer nadr\u00e1gjaidat, \u00edgy eljuttatva hozz\u00e1nk, hogy \u00faj \u00e9letre kelts\u00fck \u0151ket. Hol vannak? A gy\u0171jt\u0151dobozok megtal\u00e1lhat\u00f3ak k\u00e1v\u00e9z\u00f3kban, boltokban, \u00e9s [&hellip;]<\/p>\n","protected":false},"author":2,"featured_media":0,"parent":0,"menu_order":0,"comment_status":"closed","ping_status":"closed","template":"","meta":{"_acf_changed":false,"_breakdance_hide_in_design_set":false,"_breakdance_tags":"","footnotes":""},"class_list":["post-211","page","type-page","status-publish","hentry"],"acf":[],"_links":{"self":[{"href":"https:\/\/www.indigo-akg.hu\/hu\/wp-json\/wp\/v2\/pages\/211","targetHints":{"allow":["GET"]}}],"collection":[{"href":"https:\/\/www.indigo-akg.hu\/hu\/wp-json\/wp\/v2\/pages"}],"about":[{"href":"https:\/\/www.indigo-akg.hu\/hu\/wp-json\/wp\/v2\/types\/page"}],"author":[{"embeddable":true,"href":"https:\/\/www.indigo-akg.hu\/hu\/wp-json\/wp\/v2\/users\/2"}],"replies":[{"embeddable":true,"href":"https:\/\/www.indigo-akg.hu\/hu\/wp-json\/wp\/v2\/comments?post=211"}],"version-history":[{"count":5,"href":"https:\/\/www.indigo-akg.hu\/hu\/wp-json\/wp\/v2\/pages\/211\/revisions"}],"predecessor-version":[{"id":496,"href":"https:\/\/www.indigo-akg.hu\/hu\/wp-json\/wp\/v2\/pages\/211\/revisions\/496"}],"wp:attachment":[{"href":"https:\/\/www.indigo-akg.hu\/hu\/wp-json\/wp\/v2\/media?parent=211"}],"curies":[{"name":"wp","href":"https:\/\/api.w.org\/{rel}","templated":true}]}}