{"id":347,"date":"2024-12-03T18:53:04","date_gmt":"2024-12-03T18:53:04","guid":{"rendered":"https:\/\/www.indigo-akg.hu\/?page_id=347"},"modified":"2024-12-03T19:11:49","modified_gmt":"2024-12-03T19:11:49","slug":"kep-bekuldese","status":"publish","type":"page","link":"https:\/\/www.indigo-akg.hu\/hu\/kep-bekuldese\/","title":{"rendered":"K\u00e9p bek\u00fcld\u00e9se"},"content":{"rendered":"<section class=\"bde-section-347-100 bde-section\">\n  \n  \n\t\n\n\n\n<div class=\"section-container\"><div class=\"bde-form-builder-347-101 bde-form-builder\">\n\n<form id=\"contact-form101\" class=\"breakdance-form breakdance-form--vertical\" data-options=\"{&quot;slug&quot;:&quot;custom&quot;,&quot;name&quot;:&quot;Contact Form&quot;,&quot;ajaxUrl&quot;:&quot;https:\\\/\\\/www.indigo-akg.hu\\\/wp-admin\\\/admin-ajax.php&quot;,&quot;clearOnSuccess&quot;:true,&quot;hideOnSuccess&quot;:true,&quot;successMessage&quot;:&quot;Sikeres bek\\u00fcld\\u00e9s, hamarosan emailben megkapod a kupont amit fel tudsz haszn\\u00e1lni a v\\u00e1s\\u00e1ron!&quot;,&quot;errorMessage&quot;:&quot;Something went wrong&quot;,&quot;redirect&quot;:false,&quot;redirectUrl&quot;:&quot;&quot;,&quot;customJavaScript&quot;:&quot;&quot;,&quot;recaptcha&quot;:{&quot;key&quot;:&quot;&quot;,&quot;enabled&quot;:false},&quot;honeypot_enabled&quot;:false,&quot;popupsOnSuccess&quot;:[],&quot;popupsOnError&quot;:[]}\" data-steps=\"0\" >\n  \n  \n  \n<div class=\"breakdance-form-field breakdance-form-field--email\" >\n    \n    \n            <label class=\"breakdance-form-field__label\" for=\"email\">\n            Email<span class=\"breakdance-form-field__required\">*<\/span>\n        <\/label>\n    \n    <input\n    class=\"breakdance-form-field__input\"\n    id=\"email\"\n    aria-describedby=\"email\"\n    type=\"email\"\n    name=\"fields[email]\"\n    placeholder=\"\"\n    value=\"\"\n                \n        \n        \n    required\n    \n    \n    \n    \n    \n>\n\n\n    \n    \n<\/div>\n\n\n<div class=\"breakdance-form-field breakdance-form-field--file\" >\n    \n    \n            <label class=\"breakdance-form-field__label\" for=\"glxfih\">\n            K\u00e9p\n        <\/label>\n    \n    <label for=\"glxfih\" class=\"breakdance-form-file-upload\">\n\n                \n    \n    \n    \n    \n            \n            <button type=\"button\" class=\"button-atom button-atom--secondary breakdance-form-file-upload__button\"  >\n    \n        <span class=\"button-atom__text\">Choose File<\/span>\n\n        \n        \n            <\/button>\n    \n        <span class=\"breakdance-form-file-upload__text\">\n            No file chosen\n        <\/span>\n    \n    <input\n        id=\"glxfih\"\n        name=\"fields[glxfih][]\"\n        type=\"file\"\n        class=\"breakdance-form-file-upload__input\"\n        accept=\"\"\n        \n        \n        \n                data-max-files=\"\"\n        data-i18n-empty-text=\"No file chosen\"\n        data-i18n-filled-text=\"%n files\"\n        data-i18n-error-text=\"Only %n file(s) allowed.\"\n    >\n<\/label>\n\n\n\n    \n    \n<\/div><div class=\"breakdance-form-field breakdance-form-footer\">    \n    \n    \n    \n    \n            \n            <button type=\"submit\" class=\"button-atom button-atom--primary breakdance-form-button breakdance-form-button__submit\"  >\n    \n        <span class=\"button-atom__text\">K\u00e9p bek\u00fcld\u00e9se<\/span>\n\n        \n        \n            <\/button>\n    \n    <input type=\"hidden\" name=\"form_id\" value=\"101\">\n    <input type=\"hidden\" name=\"post_id\" value=\"347\">\n<\/div>\n\n  \n<\/form>\n\n\n<\/div><\/div>\n<\/section>","protected":false},"excerpt":{"rendered":"<p>Email* K\u00e9p Choose File No file chosen K\u00e9p bek\u00fcld\u00e9se<\/p>\n","protected":false},"author":2,"featured_media":0,"parent":0,"menu_order":0,"comment_status":"closed","ping_status":"closed","template":"","meta":{"_acf_changed":false,"_breakdance_hide_in_design_set":false,"_breakdance_tags":"","footnotes":""},"class_list":["post-347","page","type-page","status-publish","hentry"],"acf":[],"_links":{"self":[{"href":"https:\/\/www.indigo-akg.hu\/hu\/wp-json\/wp\/v2\/pages\/347","targetHints":{"allow":["GET"]}}],"collection":[{"href":"https:\/\/www.indigo-akg.hu\/hu\/wp-json\/wp\/v2\/pages"}],"about":[{"href":"https:\/\/www.indigo-akg.hu\/hu\/wp-json\/wp\/v2\/types\/page"}],"author":[{"embeddable":true,"href":"https:\/\/www.indigo-akg.hu\/hu\/wp-json\/wp\/v2\/users\/2"}],"replies":[{"embeddable":true,"href":"https:\/\/www.indigo-akg.hu\/hu\/wp-json\/wp\/v2\/comments?post=347"}],"version-history":[{"count":3,"href":"https:\/\/www.indigo-akg.hu\/hu\/wp-json\/wp\/v2\/pages\/347\/revisions"}],"predecessor-version":[{"id":350,"href":"https:\/\/www.indigo-akg.hu\/hu\/wp-json\/wp\/v2\/pages\/347\/revisions\/350"}],"wp:attachment":[{"href":"https:\/\/www.indigo-akg.hu\/hu\/wp-json\/wp\/v2\/media?parent=347"}],"curies":[{"name":"wp","href":"https:\/\/api.w.org\/{rel}","templated":true}]}}