{"id":61,"date":"2024-11-14T12:57:57","date_gmt":"2024-11-14T12:57:57","guid":{"rendered":"https:\/\/www.indigo-akg.hu\/?page_id=61"},"modified":"2024-12-06T19:21:40","modified_gmt":"2024-12-06T19:21:40","slug":"termekek","status":"publish","type":"page","link":"https:\/\/www.indigo-akg.hu\/hu\/termekek\/","title":{"rendered":"Term\u00e9kek"},"content":{"rendered":"<section class=\"bde-section-61-154 bde-section\">\n  \n  \n\t\n\n\n\n<div class=\"section-container\"><h2 class=\"bde-heading-61-155 bde-heading\">\nTerm\u00e9keink\n<\/h2><div class=\"bde-post-loop-61-211 bde-post-loop\"><div class=\"bde-loop bde-loop-grid ee-posts ee-posts-grid\">    <div class=\"bde-loop-item ee-post\">\n        <a class=\"bde-container-link-447-117-170-447-1 bde-container-link bde-container-link-447-117 breakdance-link\" href=\"https:\/\/www.indigo-akg.hu\/hu\/termek\/butterfly-keychain\/\" target=\"_self\" data-type=\"url\" data-parallax=\"false\">\n  \n  \n\t\n\n\n\n<img decoding=\"async\" class=\"bde-image2-447-112-170-447-1 bde-image2 bde-image2-447-112\" src=\"https:\/\/www.indigo-akg.hu\/wp-content\/uploads\/2024\/12\/MG_7613-2.0.avif\" loading=\"lazy\" srcset=\"https:\/\/www.indigo-akg.hu\/wp-content\/uploads\/2024\/12\/MG_7613-2.0.avif 1357w, https:\/\/www.indigo-akg.hu\/wp-content\/uploads\/2024\/12\/MG_7613-2.0-221x300.avif 221w, https:\/\/www.indigo-akg.hu\/wp-content\/uploads\/2024\/12\/MG_7613-2.0-755x1024.avif 755w, https:\/\/www.indigo-akg.hu\/wp-content\/uploads\/2024\/12\/MG_7613-2.0-768x1042.avif 768w, https:\/\/www.indigo-akg.hu\/wp-content\/uploads\/2024\/12\/MG_7613-2.0-1132x1536.avif 1132w\" sizes=\"(max-width: 1357px) 100vw, 1357px\"><h6 class=\"bde-heading-447-113-170-447-1 bde-heading bde-heading-447-113\">\nButterfly Keychain\n<\/h6>\n\n<\/a>    <\/div>\n    <div class=\"bde-loop-item ee-post\">\n        <a class=\"bde-container-link-447-117-167-447-1 bde-container-link bde-container-link-447-117 breakdance-link\" href=\"https:\/\/www.indigo-akg.hu\/hu\/termek\/csipkes-szutyo\/\" target=\"_self\" data-type=\"url\" data-parallax=\"false\">\n  \n  \n\t\n\n\n\n<img decoding=\"async\" class=\"bde-image2-447-112-167-447-1 bde-image2 bde-image2-447-112\" src=\"https:\/\/www.indigo-akg.hu\/wp-content\/uploads\/2024\/11\/IMG_0047.jpg\" loading=\"lazy\" srcset=\"https:\/\/www.indigo-akg.hu\/wp-content\/uploads\/2024\/11\/IMG_0047.jpg 1542w, https:\/\/www.indigo-akg.hu\/wp-content\/uploads\/2024\/11\/IMG_0047-225x300.jpg 225w, https:\/\/www.indigo-akg.hu\/wp-content\/uploads\/2024\/11\/IMG_0047-768x1024.jpg 768w, https:\/\/www.indigo-akg.hu\/wp-content\/uploads\/2024\/11\/IMG_0047-1152x1536.jpg 1152w, https:\/\/www.indigo-akg.hu\/wp-content\/uploads\/2024\/11\/IMG_0047-1536x2048.jpg 1536w\" sizes=\"(max-width: 1542px) 100vw, 1542px\"><h6 class=\"bde-heading-447-113-167-447-1 bde-heading bde-heading-447-113\">\nCsipk\u00e9s sz\u00fcty\u0151\n<\/h6>\n\n<\/a>    <\/div>\n    <div class=\"bde-loop-item ee-post\">\n        <a class=\"bde-container-link-447-117-169-447-1 bde-container-link bde-container-link-447-117 breakdance-link\" href=\"https:\/\/www.indigo-akg.hu\/hu\/termek\/csillagos-szutyo\/\" target=\"_self\" data-type=\"url\" data-parallax=\"false\">\n  \n  \n\t\n\n\n\n<img decoding=\"async\" class=\"bde-image2-447-112-169-447-1 bde-image2 bde-image2-447-112\" src=\"https:\/\/www.indigo-akg.hu\/wp-content\/uploads\/2024\/12\/MG_7608-2.0.avif\" loading=\"lazy\" srcset=\"https:\/\/www.indigo-akg.hu\/wp-content\/uploads\/2024\/12\/MG_7608-2.0.avif 2339w, https:\/\/www.indigo-akg.hu\/wp-content\/uploads\/2024\/12\/MG_7608-2.0-297x300.avif 297w, https:\/\/www.indigo-akg.hu\/wp-content\/uploads\/2024\/12\/MG_7608-2.0-1015x1024.avif 1015w, https:\/\/www.indigo-akg.hu\/wp-content\/uploads\/2024\/12\/MG_7608-2.0-150x150.avif 150w, https:\/\/www.indigo-akg.hu\/wp-content\/uploads\/2024\/12\/MG_7608-2.0-768x775.avif 768w, https:\/\/www.indigo-akg.hu\/wp-content\/uploads\/2024\/12\/MG_7608-2.0-1523x1536.avif 1523w, https:\/\/www.indigo-akg.hu\/wp-content\/uploads\/2024\/12\/MG_7608-2.0-2031x2048.avif 2031w\" sizes=\"(max-width: 2339px) 100vw, 2339px\"><h6 class=\"bde-heading-447-113-169-447-1 bde-heading bde-heading-447-113\">\nCsillagos sz\u00fcty\u0151\n<\/h6>\n\n<\/a>    <\/div>\n    <div class=\"bde-loop-item ee-post\">\n        <a class=\"bde-container-link-447-117-163-447-1 bde-container-link bde-container-link-447-117 breakdance-link\" href=\"https:\/\/www.indigo-akg.hu\/hu\/termek\/taska\/\" target=\"_self\" data-type=\"url\" data-parallax=\"false\">\n  \n  \n\t\n\n\n\n<img decoding=\"async\" class=\"bde-image2-447-112-163-447-1 bde-image2 bde-image2-447-112\" src=\"https:\/\/www.indigo-akg.hu\/wp-content\/uploads\/2024\/12\/MG_7695-2.0-scaled.avif\" loading=\"lazy\" srcset=\"https:\/\/www.indigo-akg.hu\/wp-content\/uploads\/2024\/12\/MG_7695-2.0-scaled.avif 1839w, https:\/\/www.indigo-akg.hu\/wp-content\/uploads\/2024\/12\/MG_7695-2.0-215x300.avif 215w, https:\/\/www.indigo-akg.hu\/wp-content\/uploads\/2024\/12\/MG_7695-2.0-735x1024.avif 735w, https:\/\/www.indigo-akg.hu\/wp-content\/uploads\/2024\/12\/MG_7695-2.0-768x1069.avif 768w, https:\/\/www.indigo-akg.hu\/wp-content\/uploads\/2024\/12\/MG_7695-2.0-1103x1536.avif 1103w, https:\/\/www.indigo-akg.hu\/wp-content\/uploads\/2024\/12\/MG_7695-2.0-1471x2048.avif 1471w\" sizes=\"(max-width: 1839px) 100vw, 1839px\"><h6 class=\"bde-heading-447-113-163-447-1 bde-heading bde-heading-447-113\">\nT\u00e1ska\n<\/h6>\n\n<\/a>    <\/div>\n    <div class=\"bde-loop-item ee-post\">\n        <a class=\"bde-container-link-447-117-166-447-1 bde-container-link bde-container-link-447-117 breakdance-link\" href=\"https:\/\/www.indigo-akg.hu\/hu\/termek\/szutyo\/\" target=\"_self\" data-type=\"url\" data-parallax=\"false\">\n  \n  \n\t\n\n\n\n<img decoding=\"async\" class=\"bde-image2-447-112-166-447-1 bde-image2 bde-image2-447-112\" src=\"https:\/\/www.indigo-akg.hu\/wp-content\/uploads\/2024\/12\/MG_7653-2.0-scaled.avif\" loading=\"lazy\" srcset=\"https:\/\/www.indigo-akg.hu\/wp-content\/uploads\/2024\/12\/MG_7653-2.0-scaled.avif 2560w, https:\/\/www.indigo-akg.hu\/wp-content\/uploads\/2024\/12\/MG_7653-2.0-300x290.avif 300w, https:\/\/www.indigo-akg.hu\/wp-content\/uploads\/2024\/12\/MG_7653-2.0-1024x989.avif 1024w, https:\/\/www.indigo-akg.hu\/wp-content\/uploads\/2024\/12\/MG_7653-2.0-768x742.avif 768w, https:\/\/www.indigo-akg.hu\/wp-content\/uploads\/2024\/12\/MG_7653-2.0-1536x1484.avif 1536w, https:\/\/www.indigo-akg.hu\/wp-content\/uploads\/2024\/12\/MG_7653-2.0-2048x1978.avif 2048w\" sizes=\"(max-width: 2560px) 100vw, 2560px\"><h6 class=\"bde-heading-447-113-166-447-1 bde-heading bde-heading-447-113\">\nSz\u00fcty\u0151\n<\/h6>\n\n<\/a>    <\/div>\n    <div class=\"bde-loop-item ee-post\">\n        <a class=\"bde-container-link-447-117-171-447-1 bde-container-link bde-container-link-447-117 breakdance-link\" href=\"https:\/\/www.indigo-akg.hu\/hu\/termek\/tarolo\/\" target=\"_self\" data-type=\"url\" data-parallax=\"false\">\n  \n  \n\t\n\n\n\n<img decoding=\"async\" class=\"bde-image2-447-112-171-447-1 bde-image2 bde-image2-447-112\" src=\"https:\/\/www.indigo-akg.hu\/wp-content\/uploads\/2024\/12\/MG_7622-2.0.avif\" loading=\"lazy\" srcset=\"https:\/\/www.indigo-akg.hu\/wp-content\/uploads\/2024\/12\/MG_7622-2.0.avif 1689w, https:\/\/www.indigo-akg.hu\/wp-content\/uploads\/2024\/12\/MG_7622-2.0-253x300.avif 253w, https:\/\/www.indigo-akg.hu\/wp-content\/uploads\/2024\/12\/MG_7622-2.0-863x1024.avif 863w, https:\/\/www.indigo-akg.hu\/wp-content\/uploads\/2024\/12\/MG_7622-2.0-768x911.avif 768w, https:\/\/www.indigo-akg.hu\/wp-content\/uploads\/2024\/12\/MG_7622-2.0-1295x1536.avif 1295w\" sizes=\"(max-width: 1689px) 100vw, 1689px\"><h6 class=\"bde-heading-447-113-171-447-1 bde-heading bde-heading-447-113\">\nT\u00e1rol\u00f3\n<\/h6>\n\n<\/a>    <\/div>\n    <div class=\"bde-loop-item ee-post\">\n        <a class=\"bde-container-link-447-117-164-447-1 bde-container-link bde-container-link-447-117 breakdance-link\" href=\"https:\/\/www.indigo-akg.hu\/hu\/termek\/csillagos-taska\/\" target=\"_self\" data-type=\"url\" data-parallax=\"false\">\n  \n  \n\t\n\n\n\n<img decoding=\"async\" class=\"bde-image2-447-112-164-447-1 bde-image2 bde-image2-447-112\" src=\"https:\/\/www.indigo-akg.hu\/wp-content\/uploads\/2024\/11\/IMG_0030-scaled.jpg\" loading=\"lazy\" srcset=\"https:\/\/www.indigo-akg.hu\/wp-content\/uploads\/2024\/11\/IMG_0030-scaled.jpg 1920w, https:\/\/www.indigo-akg.hu\/wp-content\/uploads\/2024\/11\/IMG_0030-225x300.jpg 225w, https:\/\/www.indigo-akg.hu\/wp-content\/uploads\/2024\/11\/IMG_0030-768x1024.jpg 768w, https:\/\/www.indigo-akg.hu\/wp-content\/uploads\/2024\/11\/IMG_0030-1152x1536.jpg 1152w, https:\/\/www.indigo-akg.hu\/wp-content\/uploads\/2024\/11\/IMG_0030-1536x2048.jpg 1536w\" sizes=\"(max-width: 1920px) 100vw, 1920px\"><h6 class=\"bde-heading-447-113-164-447-1 bde-heading bde-heading-447-113\">\nCsillagos t\u00e1ska\n<\/h6>\n\n<\/a>    <\/div>\n    <div class=\"bde-loop-item ee-post\">\n        <a class=\"bde-container-link-447-117-165-447-1 bde-container-link bde-container-link-447-117 breakdance-link\" href=\"https:\/\/www.indigo-akg.hu\/hu\/termek\/fektetett-taska\/\" target=\"_self\" data-type=\"url\" data-parallax=\"false\">\n  \n  \n\t\n\n\n\n<img decoding=\"async\" class=\"bde-image2-447-112-165-447-1 bde-image2 bde-image2-447-112\" src=\"https:\/\/www.indigo-akg.hu\/wp-content\/uploads\/2024\/11\/IMG_0017-scaled.jpg\" loading=\"lazy\" srcset=\"https:\/\/www.indigo-akg.hu\/wp-content\/uploads\/2024\/11\/IMG_0017-scaled.jpg 1920w, https:\/\/www.indigo-akg.hu\/wp-content\/uploads\/2024\/11\/IMG_0017-225x300.jpg 225w, https:\/\/www.indigo-akg.hu\/wp-content\/uploads\/2024\/11\/IMG_0017-768x1024.jpg 768w, https:\/\/www.indigo-akg.hu\/wp-content\/uploads\/2024\/11\/IMG_0017-1152x1536.jpg 1152w, https:\/\/www.indigo-akg.hu\/wp-content\/uploads\/2024\/11\/IMG_0017-1536x2048.jpg 1536w\" sizes=\"(max-width: 1920px) 100vw, 1920px\"><h6 class=\"bde-heading-447-113-165-447-1 bde-heading bde-heading-447-113\">\nFektetett t\u00e1ska\n<\/h6>\n\n<\/a>    <\/div>\n<\/div>\r\n<\/div><\/div>\n<\/section>","protected":false},"excerpt":{"rendered":"<p>Term\u00e9keink Butterfly Keychain Csipk\u00e9s sz\u00fcty\u0151 Csillagos sz\u00fcty\u0151 T\u00e1ska Sz\u00fcty\u0151 T\u00e1rol\u00f3 Csillagos t\u00e1ska Fektetett t\u00e1ska<\/p>\n","protected":false},"author":2,"featured_media":0,"parent":0,"menu_order":0,"comment_status":"closed","ping_status":"closed","template":"","meta":{"_acf_changed":false,"_breakdance_hide_in_design_set":false,"_breakdance_tags":"","footnotes":""},"class_list":["post-61","page","type-page","status-publish","hentry"],"acf":[],"_links":{"self":[{"href":"https:\/\/www.indigo-akg.hu\/hu\/wp-json\/wp\/v2\/pages\/61","targetHints":{"allow":["GET"]}}],"collection":[{"href":"https:\/\/www.indigo-akg.hu\/hu\/wp-json\/wp\/v2\/pages"}],"about":[{"href":"https:\/\/www.indigo-akg.hu\/hu\/wp-json\/wp\/v2\/types\/page"}],"author":[{"embeddable":true,"href":"https:\/\/www.indigo-akg.hu\/hu\/wp-json\/wp\/v2\/users\/2"}],"replies":[{"embeddable":true,"href":"https:\/\/www.indigo-akg.hu\/hu\/wp-json\/wp\/v2\/comments?post=61"}],"version-history":[{"count":5,"href":"https:\/\/www.indigo-akg.hu\/hu\/wp-json\/wp\/v2\/pages\/61\/revisions"}],"predecessor-version":[{"id":495,"href":"https:\/\/www.indigo-akg.hu\/hu\/wp-json\/wp\/v2\/pages\/61\/revisions\/495"}],"wp:attachment":[{"href":"https:\/\/www.indigo-akg.hu\/hu\/wp-json\/wp\/v2\/media?parent=61"}],"curies":[{"name":"wp","href":"https:\/\/api.w.org\/{rel}","templated":true}]}}