{"id":65,"date":"2024-11-12T19:53:37","date_gmt":"2024-11-12T19:53:37","guid":{"rendered":"https:\/\/www.indigo-akg.hu\/?page_id=65"},"modified":"2024-11-12T19:53:37","modified_gmt":"2024-11-12T19:53:37","slug":"kocsmakviz","status":"publish","type":"page","link":"https:\/\/www.indigo-akg.hu\/hu\/kocsmakviz\/","title":{"rendered":"Kocsmakv\u00edz"},"content":{"rendered":"<section class=\"bde-section-65-100 bde-section\">\n  \n  \n\t\n\n\n\n<div class=\"section-container\"><h2 class=\"bde-heading-65-101 bde-heading\">\nKocsmakv\u00edz I.\n<\/h2><h6 class=\"bde-heading-65-104 bde-heading\">\n2024. nov. 5.\n<\/h6><div class=\"bde-text-65-102 bde-text\">\nTe tudod a v\u00e1laszt?<br>Megtartottuk az els\u0151 kv\u00edzest\u00fcnket. Ha kihagytad, vagy te is \u00e9lvezted, akkor v\u00e1runk szeretettel a k\u00f6vetkez\u0151 alkalommal.\n<\/div><div class=\"bde-gallery-65-103 bde-gallery\">\n\n\n\n\n\n\n\n\n\n\n\n\n\n<div class=\"ee-gallery ee-gallery--isotope ee-gallery--masonry ee-gallery--single ee-gallery--none ee-gallery--zoom-in ee-gallery--caption- ee-gallery--caption-none ee-gallery--ratio\">\n                  \n      <div class=\"ee-gallery-item ee-gallery-item--image ee-gallery-item--single\" href=\"https:\/\/www.indigo-akg.hu\/wp-content\/uploads\/2024\/10\/indigo_akg-kocsma-kviz.jpg\"  data-sub-html=\"<span><\/span>\" data-category=\"1\"                  data-lg-size=\"720-900\"\n\n      >\n        <figure class=\"ee-gallery-item-figure\">\n                        <img loading=\"lazy\" decoding=\"async\" class=\"breakdance-image-object\" src=\"https:\/\/www.indigo-akg.hu\/wp-content\/uploads\/2024\/10\/indigo_akg-kocsma-kviz.jpg\" width=\"720\" height=\"900\" srcset=\"https:\/\/www.indigo-akg.hu\/wp-content\/uploads\/2024\/10\/indigo_akg-kocsma-kviz.jpg 720w, https:\/\/www.indigo-akg.hu\/wp-content\/uploads\/2024\/10\/indigo_akg-kocsma-kviz-240x300.jpg 240w\" sizes=\"auto, (max-width: 720px) 100vw, 720px\">\n          \n                  <\/figure>\n      <\/div>\n\n                \n      <div class=\"ee-gallery-item ee-gallery-item--image ee-gallery-item--single\" href=\"https:\/\/www.indigo-akg.hu\/wp-content\/uploads\/2024\/11\/Elso_Kviz-10-scaled.jpg\"  data-sub-html=\"<span><\/span>\" data-category=\"1\"                  data-lg-size=\"2038-2560\"\n\n      >\n        <figure class=\"ee-gallery-item-figure\">\n                        <img loading=\"lazy\" decoding=\"async\" class=\"breakdance-image-object\" src=\"https:\/\/www.indigo-akg.hu\/wp-content\/uploads\/2024\/11\/Elso_Kviz-10-815x1024.jpg\" width=\"815\" height=\"1024\" srcset=\"https:\/\/www.indigo-akg.hu\/wp-content\/uploads\/2024\/11\/Elso_Kviz-10-scaled.jpg 2038w, https:\/\/www.indigo-akg.hu\/wp-content\/uploads\/2024\/11\/Elso_Kviz-10-239x300.jpg 239w, https:\/\/www.indigo-akg.hu\/wp-content\/uploads\/2024\/11\/Elso_Kviz-10-815x1024.jpg 815w, https:\/\/www.indigo-akg.hu\/wp-content\/uploads\/2024\/11\/Elso_Kviz-10-768x965.jpg 768w, https:\/\/www.indigo-akg.hu\/wp-content\/uploads\/2024\/11\/Elso_Kviz-10-1223x1536.jpg 1223w, https:\/\/www.indigo-akg.hu\/wp-content\/uploads\/2024\/11\/Elso_Kviz-10-1631x2048.jpg 1631w\" sizes=\"auto, (max-width: 2038px) 100vw, 2038px\">\n          \n                  <\/figure>\n      <\/div>\n\n                \n      <div class=\"ee-gallery-item ee-gallery-item--image ee-gallery-item--single\" href=\"https:\/\/www.indigo-akg.hu\/wp-content\/uploads\/2024\/11\/Elso_Kviz-11-scaled.jpg\"  data-sub-html=\"<span><\/span>\" data-category=\"1\"                  data-lg-size=\"2560-1920\"\n\n      >\n        <figure class=\"ee-gallery-item-figure\">\n                        <img loading=\"lazy\" decoding=\"async\" class=\"breakdance-image-object\" src=\"https:\/\/www.indigo-akg.hu\/wp-content\/uploads\/2024\/11\/Elso_Kviz-11-1024x768.jpg\" width=\"1024\" height=\"768\" srcset=\"https:\/\/www.indigo-akg.hu\/wp-content\/uploads\/2024\/11\/Elso_Kviz-11-scaled.jpg 2560w, https:\/\/www.indigo-akg.hu\/wp-content\/uploads\/2024\/11\/Elso_Kviz-11-300x225.jpg 300w, https:\/\/www.indigo-akg.hu\/wp-content\/uploads\/2024\/11\/Elso_Kviz-11-1024x768.jpg 1024w, https:\/\/www.indigo-akg.hu\/wp-content\/uploads\/2024\/11\/Elso_Kviz-11-768x576.jpg 768w, https:\/\/www.indigo-akg.hu\/wp-content\/uploads\/2024\/11\/Elso_Kviz-11-1536x1152.jpg 1536w, https:\/\/www.indigo-akg.hu\/wp-content\/uploads\/2024\/11\/Elso_Kviz-11-2048x1536.jpg 2048w\" sizes=\"auto, (max-width: 2560px) 100vw, 2560px\" alt=\"nagyon sz\u00e9p k\u00e9p arr\u00f3l ahogy nagyon okos emberek okoskodnak\">\n          \n                  <\/figure>\n      <\/div>\n\n                \n      <div class=\"ee-gallery-item ee-gallery-item--image ee-gallery-item--single\" href=\"https:\/\/www.indigo-akg.hu\/wp-content\/uploads\/2024\/11\/Elso_Kviz-12-scaled.jpg\"  data-sub-html=\"<span><\/span>\" data-category=\"1\"                  data-lg-size=\"2560-1920\"\n\n      >\n        <figure class=\"ee-gallery-item-figure\">\n                        <img loading=\"lazy\" decoding=\"async\" class=\"breakdance-image-object\" src=\"https:\/\/www.indigo-akg.hu\/wp-content\/uploads\/2024\/11\/Elso_Kviz-12-1024x768.jpg\" width=\"1024\" height=\"768\" srcset=\"https:\/\/www.indigo-akg.hu\/wp-content\/uploads\/2024\/11\/Elso_Kviz-12-scaled.jpg 2560w, https:\/\/www.indigo-akg.hu\/wp-content\/uploads\/2024\/11\/Elso_Kviz-12-300x225.jpg 300w, https:\/\/www.indigo-akg.hu\/wp-content\/uploads\/2024\/11\/Elso_Kviz-12-1024x768.jpg 1024w, https:\/\/www.indigo-akg.hu\/wp-content\/uploads\/2024\/11\/Elso_Kviz-12-768x576.jpg 768w, https:\/\/www.indigo-akg.hu\/wp-content\/uploads\/2024\/11\/Elso_Kviz-12-1536x1152.jpg 1536w, https:\/\/www.indigo-akg.hu\/wp-content\/uploads\/2024\/11\/Elso_Kviz-12-2048x1536.jpg 2048w\" sizes=\"auto, (max-width: 2560px) 100vw, 2560px\">\n          \n                  <\/figure>\n      <\/div>\n\n                \n      <div class=\"ee-gallery-item ee-gallery-item--image ee-gallery-item--single\" href=\"https:\/\/www.indigo-akg.hu\/wp-content\/uploads\/2024\/11\/Elso_Kviz-13-scaled.jpg\"  data-sub-html=\"<span><\/span>\" data-category=\"1\"                  data-lg-size=\"2560-1920\"\n\n      >\n        <figure class=\"ee-gallery-item-figure\">\n                        <img loading=\"lazy\" decoding=\"async\" class=\"breakdance-image-object\" src=\"https:\/\/www.indigo-akg.hu\/wp-content\/uploads\/2024\/11\/Elso_Kviz-13-1024x768.jpg\" width=\"1024\" height=\"768\" srcset=\"https:\/\/www.indigo-akg.hu\/wp-content\/uploads\/2024\/11\/Elso_Kviz-13-scaled.jpg 2560w, https:\/\/www.indigo-akg.hu\/wp-content\/uploads\/2024\/11\/Elso_Kviz-13-300x225.jpg 300w, https:\/\/www.indigo-akg.hu\/wp-content\/uploads\/2024\/11\/Elso_Kviz-13-1024x768.jpg 1024w, https:\/\/www.indigo-akg.hu\/wp-content\/uploads\/2024\/11\/Elso_Kviz-13-768x576.jpg 768w, https:\/\/www.indigo-akg.hu\/wp-content\/uploads\/2024\/11\/Elso_Kviz-13-1536x1152.jpg 1536w, https:\/\/www.indigo-akg.hu\/wp-content\/uploads\/2024\/11\/Elso_Kviz-13-2048x1536.jpg 2048w\" sizes=\"auto, (max-width: 2560px) 100vw, 2560px\">\n          \n                  <\/figure>\n      <\/div>\n\n                \n      <div class=\"ee-gallery-item ee-gallery-item--image ee-gallery-item--single\" href=\"https:\/\/www.indigo-akg.hu\/wp-content\/uploads\/2024\/11\/Elso_Kviz-scaled.jpg\"  data-sub-html=\"<span><\/span>\" data-category=\"1\"                  data-lg-size=\"1920-2560\"\n\n      >\n        <figure class=\"ee-gallery-item-figure\">\n                        <img loading=\"lazy\" decoding=\"async\" class=\"breakdance-image-object\" src=\"https:\/\/www.indigo-akg.hu\/wp-content\/uploads\/2024\/11\/Elso_Kviz-768x1024.jpg\" width=\"768\" height=\"1024\" srcset=\"https:\/\/www.indigo-akg.hu\/wp-content\/uploads\/2024\/11\/Elso_Kviz-scaled.jpg 1920w, https:\/\/www.indigo-akg.hu\/wp-content\/uploads\/2024\/11\/Elso_Kviz-225x300.jpg 225w, https:\/\/www.indigo-akg.hu\/wp-content\/uploads\/2024\/11\/Elso_Kviz-768x1024.jpg 768w, https:\/\/www.indigo-akg.hu\/wp-content\/uploads\/2024\/11\/Elso_Kviz-1152x1536.jpg 1152w, https:\/\/www.indigo-akg.hu\/wp-content\/uploads\/2024\/11\/Elso_Kviz-1536x2048.jpg 1536w\" sizes=\"auto, (max-width: 1920px) 100vw, 1920px\">\n          \n                  <\/figure>\n      <\/div>\n\n                \n      <div class=\"ee-gallery-item ee-gallery-item--image ee-gallery-item--single\" href=\"https:\/\/www.indigo-akg.hu\/wp-content\/uploads\/2024\/11\/Elso_Kviz-2-scaled.jpg\"  data-sub-html=\"<span><\/span>\" data-category=\"1\"                  data-lg-size=\"2090-2560\"\n\n      >\n        <figure class=\"ee-gallery-item-figure\">\n                        <img loading=\"lazy\" decoding=\"async\" class=\"breakdance-image-object\" src=\"https:\/\/www.indigo-akg.hu\/wp-content\/uploads\/2024\/11\/Elso_Kviz-2-836x1024.jpg\" width=\"836\" height=\"1024\" srcset=\"https:\/\/www.indigo-akg.hu\/wp-content\/uploads\/2024\/11\/Elso_Kviz-2-scaled.jpg 2090w, https:\/\/www.indigo-akg.hu\/wp-content\/uploads\/2024\/11\/Elso_Kviz-2-245x300.jpg 245w, https:\/\/www.indigo-akg.hu\/wp-content\/uploads\/2024\/11\/Elso_Kviz-2-836x1024.jpg 836w, https:\/\/www.indigo-akg.hu\/wp-content\/uploads\/2024\/11\/Elso_Kviz-2-768x941.jpg 768w, https:\/\/www.indigo-akg.hu\/wp-content\/uploads\/2024\/11\/Elso_Kviz-2-1254x1536.jpg 1254w, https:\/\/www.indigo-akg.hu\/wp-content\/uploads\/2024\/11\/Elso_Kviz-2-1672x2048.jpg 1672w\" sizes=\"auto, (max-width: 2090px) 100vw, 2090px\">\n          \n                  <\/figure>\n      <\/div>\n\n                \n      <div class=\"ee-gallery-item ee-gallery-item--image ee-gallery-item--single\" href=\"https:\/\/www.indigo-akg.hu\/wp-content\/uploads\/2024\/11\/Elso_Kviz-3-scaled.jpg\"  data-sub-html=\"<span><\/span>\" data-category=\"1\"                  data-lg-size=\"1920-2560\"\n\n      >\n        <figure class=\"ee-gallery-item-figure\">\n                        <img loading=\"lazy\" decoding=\"async\" class=\"breakdance-image-object\" src=\"https:\/\/www.indigo-akg.hu\/wp-content\/uploads\/2024\/11\/Elso_Kviz-3-768x1024.jpg\" width=\"768\" height=\"1024\" srcset=\"https:\/\/www.indigo-akg.hu\/wp-content\/uploads\/2024\/11\/Elso_Kviz-3-scaled.jpg 1920w, https:\/\/www.indigo-akg.hu\/wp-content\/uploads\/2024\/11\/Elso_Kviz-3-225x300.jpg 225w, https:\/\/www.indigo-akg.hu\/wp-content\/uploads\/2024\/11\/Elso_Kviz-3-768x1024.jpg 768w, https:\/\/www.indigo-akg.hu\/wp-content\/uploads\/2024\/11\/Elso_Kviz-3-1152x1536.jpg 1152w, https:\/\/www.indigo-akg.hu\/wp-content\/uploads\/2024\/11\/Elso_Kviz-3-1536x2048.jpg 1536w\" sizes=\"auto, (max-width: 1920px) 100vw, 1920px\">\n          \n                  <\/figure>\n      <\/div>\n\n                \n      <div class=\"ee-gallery-item ee-gallery-item--image ee-gallery-item--single\" href=\"https:\/\/www.indigo-akg.hu\/wp-content\/uploads\/2024\/11\/Elso_Kviz-4-scaled.jpg\"  data-sub-html=\"<span><\/span>\" data-category=\"1\"                  data-lg-size=\"2560-1920\"\n\n      >\n        <figure class=\"ee-gallery-item-figure\">\n                        <img loading=\"lazy\" decoding=\"async\" class=\"breakdance-image-object\" src=\"https:\/\/www.indigo-akg.hu\/wp-content\/uploads\/2024\/11\/Elso_Kviz-4-1024x768.jpg\" width=\"1024\" height=\"768\" srcset=\"https:\/\/www.indigo-akg.hu\/wp-content\/uploads\/2024\/11\/Elso_Kviz-4-scaled.jpg 2560w, https:\/\/www.indigo-akg.hu\/wp-content\/uploads\/2024\/11\/Elso_Kviz-4-300x225.jpg 300w, https:\/\/www.indigo-akg.hu\/wp-content\/uploads\/2024\/11\/Elso_Kviz-4-1024x768.jpg 1024w, https:\/\/www.indigo-akg.hu\/wp-content\/uploads\/2024\/11\/Elso_Kviz-4-768x576.jpg 768w, https:\/\/www.indigo-akg.hu\/wp-content\/uploads\/2024\/11\/Elso_Kviz-4-1536x1152.jpg 1536w, https:\/\/www.indigo-akg.hu\/wp-content\/uploads\/2024\/11\/Elso_Kviz-4-2048x1536.jpg 2048w\" sizes=\"auto, (max-width: 2560px) 100vw, 2560px\">\n          \n                  <\/figure>\n      <\/div>\n\n                \n      <div class=\"ee-gallery-item ee-gallery-item--image ee-gallery-item--single\" href=\"https:\/\/www.indigo-akg.hu\/wp-content\/uploads\/2024\/11\/Elso_Kviz-5-scaled.jpg\"  data-sub-html=\"<span><\/span>\" data-category=\"1\"                  data-lg-size=\"2560-1920\"\n\n      >\n        <figure class=\"ee-gallery-item-figure\">\n                        <img loading=\"lazy\" decoding=\"async\" class=\"breakdance-image-object\" src=\"https:\/\/www.indigo-akg.hu\/wp-content\/uploads\/2024\/11\/Elso_Kviz-5-1024x768.jpg\" width=\"1024\" height=\"768\" srcset=\"https:\/\/www.indigo-akg.hu\/wp-content\/uploads\/2024\/11\/Elso_Kviz-5-scaled.jpg 2560w, https:\/\/www.indigo-akg.hu\/wp-content\/uploads\/2024\/11\/Elso_Kviz-5-300x225.jpg 300w, https:\/\/www.indigo-akg.hu\/wp-content\/uploads\/2024\/11\/Elso_Kviz-5-1024x768.jpg 1024w, https:\/\/www.indigo-akg.hu\/wp-content\/uploads\/2024\/11\/Elso_Kviz-5-768x576.jpg 768w, https:\/\/www.indigo-akg.hu\/wp-content\/uploads\/2024\/11\/Elso_Kviz-5-1536x1152.jpg 1536w, https:\/\/www.indigo-akg.hu\/wp-content\/uploads\/2024\/11\/Elso_Kviz-5-2048x1536.jpg 2048w\" sizes=\"auto, (max-width: 2560px) 100vw, 2560px\">\n          \n                  <\/figure>\n      <\/div>\n\n                \n      <div class=\"ee-gallery-item ee-gallery-item--image ee-gallery-item--single\" href=\"https:\/\/www.indigo-akg.hu\/wp-content\/uploads\/2024\/11\/Elso_Kviz-6-scaled.jpg\"  data-sub-html=\"<span><\/span>\" data-category=\"1\"                  data-lg-size=\"1920-2560\"\n\n      >\n        <figure class=\"ee-gallery-item-figure\">\n                        <img loading=\"lazy\" decoding=\"async\" class=\"breakdance-image-object\" src=\"https:\/\/www.indigo-akg.hu\/wp-content\/uploads\/2024\/11\/Elso_Kviz-6-768x1024.jpg\" width=\"768\" height=\"1024\" srcset=\"https:\/\/www.indigo-akg.hu\/wp-content\/uploads\/2024\/11\/Elso_Kviz-6-scaled.jpg 1920w, https:\/\/www.indigo-akg.hu\/wp-content\/uploads\/2024\/11\/Elso_Kviz-6-225x300.jpg 225w, https:\/\/www.indigo-akg.hu\/wp-content\/uploads\/2024\/11\/Elso_Kviz-6-768x1024.jpg 768w, https:\/\/www.indigo-akg.hu\/wp-content\/uploads\/2024\/11\/Elso_Kviz-6-1152x1536.jpg 1152w, https:\/\/www.indigo-akg.hu\/wp-content\/uploads\/2024\/11\/Elso_Kviz-6-1536x2048.jpg 1536w\" sizes=\"auto, (max-width: 1920px) 100vw, 1920px\">\n          \n                  <\/figure>\n      <\/div>\n\n                \n      <div class=\"ee-gallery-item ee-gallery-item--image ee-gallery-item--single\" href=\"https:\/\/www.indigo-akg.hu\/wp-content\/uploads\/2024\/11\/Elso_Kviz-7-scaled.jpg\"  data-sub-html=\"<span><\/span>\" data-category=\"1\"                  data-lg-size=\"2560-1920\"\n\n      >\n        <figure class=\"ee-gallery-item-figure\">\n                        <img loading=\"lazy\" decoding=\"async\" class=\"breakdance-image-object\" src=\"https:\/\/www.indigo-akg.hu\/wp-content\/uploads\/2024\/11\/Elso_Kviz-7-1024x768.jpg\" width=\"1024\" height=\"768\" srcset=\"https:\/\/www.indigo-akg.hu\/wp-content\/uploads\/2024\/11\/Elso_Kviz-7-scaled.jpg 2560w, https:\/\/www.indigo-akg.hu\/wp-content\/uploads\/2024\/11\/Elso_Kviz-7-300x225.jpg 300w, https:\/\/www.indigo-akg.hu\/wp-content\/uploads\/2024\/11\/Elso_Kviz-7-1024x768.jpg 1024w, https:\/\/www.indigo-akg.hu\/wp-content\/uploads\/2024\/11\/Elso_Kviz-7-768x576.jpg 768w, https:\/\/www.indigo-akg.hu\/wp-content\/uploads\/2024\/11\/Elso_Kviz-7-1536x1152.jpg 1536w, https:\/\/www.indigo-akg.hu\/wp-content\/uploads\/2024\/11\/Elso_Kviz-7-2048x1536.jpg 2048w\" sizes=\"auto, (max-width: 2560px) 100vw, 2560px\">\n          \n                  <\/figure>\n      <\/div>\n\n                \n      <div class=\"ee-gallery-item ee-gallery-item--image ee-gallery-item--single\" href=\"https:\/\/www.indigo-akg.hu\/wp-content\/uploads\/2024\/11\/Elso_Kviz-8-scaled.jpg\"  data-sub-html=\"<span><\/span>\" data-category=\"1\"                  data-lg-size=\"2560-1866\"\n\n      >\n        <figure class=\"ee-gallery-item-figure\">\n                        <img loading=\"lazy\" decoding=\"async\" class=\"breakdance-image-object\" src=\"https:\/\/www.indigo-akg.hu\/wp-content\/uploads\/2024\/11\/Elso_Kviz-8-1024x746.jpg\" width=\"1024\" height=\"746\" srcset=\"https:\/\/www.indigo-akg.hu\/wp-content\/uploads\/2024\/11\/Elso_Kviz-8-scaled.jpg 2560w, https:\/\/www.indigo-akg.hu\/wp-content\/uploads\/2024\/11\/Elso_Kviz-8-300x219.jpg 300w, https:\/\/www.indigo-akg.hu\/wp-content\/uploads\/2024\/11\/Elso_Kviz-8-1024x746.jpg 1024w, https:\/\/www.indigo-akg.hu\/wp-content\/uploads\/2024\/11\/Elso_Kviz-8-768x560.jpg 768w, https:\/\/www.indigo-akg.hu\/wp-content\/uploads\/2024\/11\/Elso_Kviz-8-1536x1119.jpg 1536w, https:\/\/www.indigo-akg.hu\/wp-content\/uploads\/2024\/11\/Elso_Kviz-8-2048x1493.jpg 2048w\" sizes=\"auto, (max-width: 2560px) 100vw, 2560px\">\n          \n                  <\/figure>\n      <\/div>\n\n                \n      <div class=\"ee-gallery-item ee-gallery-item--image ee-gallery-item--single\" href=\"https:\/\/www.indigo-akg.hu\/wp-content\/uploads\/2024\/11\/Elso_Kviz-9-scaled.jpg\"  data-sub-html=\"<span><\/span>\" data-category=\"1\"                  data-lg-size=\"2560-1920\"\n\n      >\n        <figure class=\"ee-gallery-item-figure\">\n                        <img loading=\"lazy\" decoding=\"async\" class=\"breakdance-image-object\" src=\"https:\/\/www.indigo-akg.hu\/wp-content\/uploads\/2024\/11\/Elso_Kviz-9-1024x768.jpg\" width=\"1024\" height=\"768\" srcset=\"https:\/\/www.indigo-akg.hu\/wp-content\/uploads\/2024\/11\/Elso_Kviz-9-scaled.jpg 2560w, https:\/\/www.indigo-akg.hu\/wp-content\/uploads\/2024\/11\/Elso_Kviz-9-300x225.jpg 300w, https:\/\/www.indigo-akg.hu\/wp-content\/uploads\/2024\/11\/Elso_Kviz-9-1024x768.jpg 1024w, https:\/\/www.indigo-akg.hu\/wp-content\/uploads\/2024\/11\/Elso_Kviz-9-768x576.jpg 768w, https:\/\/www.indigo-akg.hu\/wp-content\/uploads\/2024\/11\/Elso_Kviz-9-1536x1152.jpg 1536w, https:\/\/www.indigo-akg.hu\/wp-content\/uploads\/2024\/11\/Elso_Kviz-9-2048x1536.jpg 2048w\" sizes=\"auto, (max-width: 2560px) 100vw, 2560px\">\n          \n                  <\/figure>\n      <\/div>\n\n      \n      <div class=\"ee-gallery-gutter\"><\/div>\n  <\/div>\n\n\n\n<\/div><\/div>\n<\/section>","protected":false},"excerpt":{"rendered":"<p>Kocsmakv\u00edz I. 2024. nov. 5. Te tudod a v\u00e1laszt?Megtartottuk az els\u0151 kv\u00edzest\u00fcnket. Ha kihagytad, vagy te is \u00e9lvezted, akkor v\u00e1runk szeretettel a k\u00f6vetkez\u0151 alkalommal.<\/p>\n","protected":false},"author":2,"featured_media":0,"parent":0,"menu_order":0,"comment_status":"closed","ping_status":"closed","template":"","meta":{"_acf_changed":false,"_breakdance_hide_in_design_set":false,"_breakdance_tags":"","footnotes":""},"class_list":["post-65","page","type-page","status-publish","hentry"],"acf":[],"_links":{"self":[{"href":"https:\/\/www.indigo-akg.hu\/hu\/wp-json\/wp\/v2\/pages\/65","targetHints":{"allow":["GET"]}}],"collection":[{"href":"https:\/\/www.indigo-akg.hu\/hu\/wp-json\/wp\/v2\/pages"}],"about":[{"href":"https:\/\/www.indigo-akg.hu\/hu\/wp-json\/wp\/v2\/types\/page"}],"author":[{"embeddable":true,"href":"https:\/\/www.indigo-akg.hu\/hu\/wp-json\/wp\/v2\/users\/2"}],"replies":[{"embeddable":true,"href":"https:\/\/www.indigo-akg.hu\/hu\/wp-json\/wp\/v2\/comments?post=65"}],"version-history":[{"count":4,"href":"https:\/\/www.indigo-akg.hu\/hu\/wp-json\/wp\/v2\/pages\/65\/revisions"}],"predecessor-version":[{"id":104,"href":"https:\/\/www.indigo-akg.hu\/hu\/wp-json\/wp\/v2\/pages\/65\/revisions\/104"}],"wp:attachment":[{"href":"https:\/\/www.indigo-akg.hu\/hu\/wp-json\/wp\/v2\/media?parent=65"}],"curies":[{"name":"wp","href":"https:\/\/api.w.org\/{rel}","templated":true}]}}